{"id":2,"date":"2023-01-15T15:49:33","date_gmt":"2023-01-15T15:49:33","guid":{"rendered":"https:\/\/aplushairtransplant.com\/?page_id=2"},"modified":"2023-01-15T15:49:33","modified_gmt":"2023-01-15T15:49:33","slug":"sample-page","status":"publish","type":"page","link":"https:\/\/aplushairtransplant.com\/bs_ba\/ogledna-stranica\/","title":{"rendered":"Sample Page"},"content":{"rendered":"<p>Ovo je primjer stranice. Razlikuje se od objave na blogu jer \u0107e ostati na jednom mjestu i pojavit \u0107e se u navigaciji va\u0161e stranice (u ve\u0107ini tema). Ve\u0107ina ljudi po\u010dinje sa stranicom o stranici koja ih upoznaje s potencijalnim posjetiteljima stranice. Moglo bi re\u0107i ne\u0161to ovako:<\/p>\n\n\n\n<blockquote class=\"wp-block-quote is-layout-flow wp-block-quote-is-layout-flow\"><p>Zdravo! Ja sam biciklisti\u010dki glasnik danju, ambiciozni glumac no\u0107u, a ovo je moja web stranica. \u017divim u Los An\u0111elesu, imam sjajnog psa po imenu D\u017eek i volim pinja koladu. (I da me uhvati ki\u0161a.)<\/p><\/blockquote>\n\n\n\n<p>\u2026ili ne\u0161to ovako:<\/p>\n\n\n\n<blockquote class=\"wp-block-quote is-layout-flow wp-block-quote-is-layout-flow\"><p>XYZ Doohickey Company osnovana je 1971. godine i od tada pru\u017ea kvalitetne doohickey javnosti. Smje\u0161ten u Gotham Cityju, XYZ zapo\u0161ljava preko 2.000 ljudi i radi sve vrste sjajnih stvari za Gotham zajednicu.<\/p><\/blockquote>\n\n\n\n<p>Kao novi korisnik WordPress-a, trebali biste posjetiti <a href=\"https:\/\/aplushairtransplant.com\/wp-admin\/\">va\u0161u kontrolnu tablu<\/a> da izbri\u0161ete ovu stranicu i kreirate nove stranice za svoj sadr\u017eaj. Zabavi se!<\/p>","protected":false},"excerpt":{"rendered":"<p>This is an example page. It&#8217;s different from a blog post because it will stay in one place and will show up in your site navigation (in most themes). Most people start with an About page that introduces them to potential site visitors. It might say something like this: Hi there! I&#8217;m a bike messenger by day, aspiring actor by night, and this is my website. I live in Los[&hellip;]<\/p>\n","protected":false},"author":1,"featured_media":0,"parent":0,"menu_order":0,"comment_status":"closed","ping_status":"open","template":"","meta":{"_acf_changed":false,"footnotes":""},"class_list":["post-2","page","type-page","status-publish","hentry"],"acf":[],"yoast_head":"<!-- This site is optimized with the Yoast SEO Premium plugin v19.7 (Yoast SEO v27.4) - https:\/\/yoast.com\/product\/yoast-seo-premium-wordpress\/ -->\n<title>Sample Page - Aplus Hair Transplant<\/title>\n<meta name=\"robots\" content=\"index, follow, max-snippet:-1, max-image-preview:large, max-video-preview:-1\" \/>\n<link rel=\"canonical\" href=\"https:\/\/aplushairtransplant.com\/bs_ba\/ogledna-stranica\/\" \/>\n<meta property=\"og:locale\" content=\"bs_BA\" \/>\n<meta property=\"og:type\" content=\"article\" \/>\n<meta property=\"og:title\" content=\"Sample Page\" \/>\n<meta property=\"og:description\" content=\"This is an example page. It&#8217;s different from a blog post because it will stay in one place and will show up in your site navigation (in most themes). Most people start with an About page that introduces them to potential site visitors. It might say something like this: Hi there! I&#8217;m a bike messenger by day, aspiring actor by night, and this is my website. I live in Los[&hellip;]\" \/>\n<meta property=\"og:url\" content=\"https:\/\/aplushairtransplant.com\/bs_ba\/ogledna-stranica\/\" \/>\n<meta property=\"og:site_name\" content=\"Aplus Hair Transplant\" \/>\n<meta name=\"twitter:card\" content=\"summary_large_image\" \/>\n<meta name=\"twitter:label1\" content=\"Est. reading time\" \/>\n\t<meta name=\"twitter:data1\" content=\"1 minuta\" \/>\n<script type=\"application\/ld+json\" class=\"yoast-schema-graph\">{\"@context\":\"https:\\\/\\\/schema.org\",\"@graph\":[{\"@type\":\"WebPage\",\"@id\":\"https:\\\/\\\/aplushairtransplant.com\\\/tr\\\/sample-page\\\/\",\"url\":\"https:\\\/\\\/aplushairtransplant.com\\\/tr\\\/sample-page\\\/\",\"name\":\"Sample Page - Aplus Hair Transplant\",\"isPartOf\":{\"@id\":\"https:\\\/\\\/lightgreen-beaver-954374.hostingersite.com\\\/tr\\\/#website\"},\"datePublished\":\"2023-01-15T15:49:33+00:00\",\"breadcrumb\":{\"@id\":\"https:\\\/\\\/aplushairtransplant.com\\\/tr\\\/sample-page\\\/#breadcrumb\"},\"inLanguage\":\"bs-BA\",\"potentialAction\":[{\"@type\":\"ReadAction\",\"target\":[\"https:\\\/\\\/aplushairtransplant.com\\\/tr\\\/sample-page\\\/\"]}]},{\"@type\":\"BreadcrumbList\",\"@id\":\"https:\\\/\\\/aplushairtransplant.com\\\/tr\\\/sample-page\\\/#breadcrumb\",\"itemListElement\":[{\"@type\":\"ListItem\",\"position\":1,\"name\":\"Anasayfa\",\"item\":\"https:\\\/\\\/lightgreen-beaver-954374.hostingersite.com\\\/tr\\\/\"},{\"@type\":\"ListItem\",\"position\":2,\"name\":\"Sample Page\"}]},{\"@type\":\"WebSite\",\"@id\":\"https:\\\/\\\/lightgreen-beaver-954374.hostingersite.com\\\/tr\\\/#website\",\"url\":\"https:\\\/\\\/lightgreen-beaver-954374.hostingersite.com\\\/tr\\\/\",\"name\":\"Aplus Hair Transplant\",\"description\":\"\",\"publisher\":{\"@id\":\"https:\\\/\\\/lightgreen-beaver-954374.hostingersite.com\\\/tr\\\/#organization\"},\"alternateName\":\"Aplus Hair Transplant \u0130stanbul\",\"potentialAction\":[{\"@type\":\"SearchAction\",\"target\":{\"@type\":\"EntryPoint\",\"urlTemplate\":\"https:\\\/\\\/lightgreen-beaver-954374.hostingersite.com\\\/tr\\\/?s={search_term_string}\"},\"query-input\":{\"@type\":\"PropertyValueSpecification\",\"valueRequired\":true,\"valueName\":\"search_term_string\"}}],\"inLanguage\":\"bs-BA\"},{\"@type\":\"Organization\",\"@id\":\"https:\\\/\\\/lightgreen-beaver-954374.hostingersite.com\\\/tr\\\/#organization\",\"name\":\"Aplus Hair Transplant\",\"url\":\"https:\\\/\\\/lightgreen-beaver-954374.hostingersite.com\\\/tr\\\/\",\"logo\":{\"@type\":\"ImageObject\",\"inLanguage\":\"bs-BA\",\"@id\":\"https:\\\/\\\/lightgreen-beaver-954374.hostingersite.com\\\/tr\\\/#\\\/schema\\\/logo\\\/image\\\/\",\"url\":\"https:\\\/\\\/aplushairtransplant.com\\\/wp-content\\\/uploads\\\/2023\\\/01\\\/footer-logo.png\",\"contentUrl\":\"https:\\\/\\\/aplushairtransplant.com\\\/wp-content\\\/uploads\\\/2023\\\/01\\\/footer-logo.png\",\"width\":938,\"height\":938,\"caption\":\"Aplus Hair Transplant\"},\"image\":{\"@id\":\"https:\\\/\\\/lightgreen-beaver-954374.hostingersite.com\\\/tr\\\/#\\\/schema\\\/logo\\\/image\\\/\"}}]}<\/script>\n<!-- \/ Yoast SEO Premium plugin. -->","yoast_head_json":{"title":"Primer stranice - Aplus transplantacija kose","robots":{"index":"index","follow":"follow","max-snippet":"max-snippet:-1","max-image-preview":"max-image-preview:large","max-video-preview":"max-video-preview:-1"},"canonical":"https:\/\/aplushairtransplant.com\/bs_ba\/ogledna-stranica\/","og_locale":"bs_BA","og_type":"article","og_title":"Sample Page","og_description":"This is an example page. It&#8217;s different from a blog post because it will stay in one place and will show up in your site navigation (in most themes). Most people start with an About page that introduces them to potential site visitors. It might say something like this: Hi there! I&#8217;m a bike messenger by day, aspiring actor by night, and this is my website. I live in Los[&hellip;]","og_url":"https:\/\/aplushairtransplant.com\/bs_ba\/ogledna-stranica\/","og_site_name":"Aplus Hair Transplant","twitter_card":"summary_large_image","twitter_misc":{"Est. reading time":"1 minuta"},"schema":{"@context":"https:\/\/schema.org","@graph":[{"@type":"WebPage","@id":"https:\/\/aplushairtransplant.com\/tr\/sample-page\/","url":"https:\/\/aplushairtransplant.com\/tr\/sample-page\/","name":"Primer stranice - Aplus transplantacija kose","isPartOf":{"@id":"https:\/\/lightgreen-beaver-954374.hostingersite.com\/tr\/#website"},"datePublished":"2023-01-15T15:49:33+00:00","breadcrumb":{"@id":"https:\/\/aplushairtransplant.com\/tr\/sample-page\/#breadcrumb"},"inLanguage":"bs-BA","potentialAction":[{"@type":"ReadAction","target":["https:\/\/aplushairtransplant.com\/tr\/sample-page\/"]}]},{"@type":"BreadcrumbList","@id":"https:\/\/aplushairtransplant.com\/tr\/sample-page\/#breadcrumb","itemListElement":[{"@type":"ListItem","position":1,"name":"Anasayfa","item":"https:\/\/lightgreen-beaver-954374.hostingersite.com\/tr\/"},{"@type":"ListItem","position":2,"name":"Sample Page"}]},{"@type":"WebSite","@id":"https:\/\/lightgreen-beaver-954374.hostingersite.com\/tr\/#website","url":"https:\/\/lightgreen-beaver-954374.hostingersite.com\/tr\/","name":"Aplus transplantacija kose","description":"","publisher":{"@id":"https:\/\/lightgreen-beaver-954374.hostingersite.com\/tr\/#organization"},"alternateName":"Aplus Hair Transplant \u0130stanbul","potentialAction":[{"@type":"SearchAction","target":{"@type":"EntryPoint","urlTemplate":"https:\/\/lightgreen-beaver-954374.hostingersite.com\/tr\/?s={search_term_string}"},"query-input":{"@type":"PropertyValueSpecification","valueRequired":true,"valueName":"search_term_string"}}],"inLanguage":"bs-BA"},{"@type":"Organization","@id":"https:\/\/lightgreen-beaver-954374.hostingersite.com\/tr\/#organization","name":"Aplus transplantacija kose","url":"https:\/\/lightgreen-beaver-954374.hostingersite.com\/tr\/","logo":{"@type":"ImageObject","inLanguage":"bs-BA","@id":"https:\/\/lightgreen-beaver-954374.hostingersite.com\/tr\/#\/schema\/logo\/image\/","url":"https:\/\/aplushairtransplant.com\/wp-content\/uploads\/2023\/01\/footer-logo.png","contentUrl":"https:\/\/aplushairtransplant.com\/wp-content\/uploads\/2023\/01\/footer-logo.png","width":938,"height":938,"caption":"Aplus Hair Transplant"},"image":{"@id":"https:\/\/lightgreen-beaver-954374.hostingersite.com\/tr\/#\/schema\/logo\/image\/"}}]}},"_links":{"self":[{"href":"https:\/\/aplushairtransplant.com\/bs_ba\/wp-json\/wp\/v2\/pages\/2","targetHints":{"allow":["GET"]}}],"collection":[{"href":"https:\/\/aplushairtransplant.com\/bs_ba\/wp-json\/wp\/v2\/pages"}],"about":[{"href":"https:\/\/aplushairtransplant.com\/bs_ba\/wp-json\/wp\/v2\/types\/page"}],"author":[{"embeddable":true,"href":"https:\/\/aplushairtransplant.com\/bs_ba\/wp-json\/wp\/v2\/users\/1"}],"replies":[{"embeddable":true,"href":"https:\/\/aplushairtransplant.com\/bs_ba\/wp-json\/wp\/v2\/comments?post=2"}],"version-history":[{"count":0,"href":"https:\/\/aplushairtransplant.com\/bs_ba\/wp-json\/wp\/v2\/pages\/2\/revisions"}],"wp:attachment":[{"href":"https:\/\/aplushairtransplant.com\/bs_ba\/wp-json\/wp\/v2\/media?parent=2"}],"curies":[{"name":"wp","href":"https:\/\/api.w.org\/{rel}","templated":true}]}}