{"id":65,"date":"2020-08-12T05:16:40","date_gmt":"2020-08-12T05:16:40","guid":{"rendered":"https:\/\/doctery-demo.pbminfotech.com\/?page_id=14985"},"modified":"2023-01-19T09:37:50","modified_gmt":"2023-01-19T09:37:50","slug":"tedaviler","status":"publish","type":"page","link":"https:\/\/aplushairtransplant.com\/bs_ba\/tretmani\/","title":{"rendered":"Tretmani"},"content":{"rendered":"<div data-elementor-type=\"wp-page\" data-elementor-id=\"65\" class=\"elementor elementor-65\">\n\t\t\t\t\t\t<div class=\"elementor-section elementor-top-section elementor-element elementor-element-e00fb33 thsn-bg-color-yes thsn-elementor-bg-color-white thsn-col-stretched-none thsn-bg-color-over-image elementor-section-boxed elementor-section-height-default elementor-section-height-default\" data-id=\"e00fb33\" data-element_type=\"section\" data-e-type=\"section\">\n\t\t\t\t\t\t<div class=\"elementor-container elementor-column-gap-no\">\n\t\t\t\t\t<div class=\"elementor-column elementor-col-100 elementor-top-column elementor-element elementor-element-96a4b33 thsn-bg-color-over-image\" data-id=\"96a4b33\" data-element_type=\"column\" data-e-type=\"column\">\n\t\t\t<div class=\"elementor-widget-wrap elementor-element-populated\">\n\t\t\t\t\t\t<div class=\"elementor-element elementor-element-e7c5c52 elementor-widget elementor-widget-thsn_service_element\" data-id=\"e7c5c52\" data-element_type=\"widget\" data-e-type=\"widget\" data-widget_type=\"thsn_service_element.default\">\n\t\t\t\t<div class=\"elementor-widget-container\">\n\t\t\t\t\t\r\n\t\t<div class=\"themesion-element themesion-element-service thsn-element-service-style-1 themesion-element-viewtype-row-column themesion-gap-15px\" data-show=\"9\" data-columns=\"3\" data-loop=\"false\" data-autoplay=\"false\" data-center=\"false\" data-nav=\"false\" data-dots=\"false\" data-autoplayspeed=\"1000\" data-margin=\"15px\"><div class=\"themesion-element-inner\">\r\n\t\t\t\t\t\t<div class=\"thsn-ele-header-area\">\r\n\t\t\t\t\t\t<div class=\"thsn-heading-subheading left-align\"><\/div>\t\t\t\t<\/div>\r\n\t\t\t\t\r\n\t\t\t<div class=\"thsn-row-parent\">\r\n\t\t\t\t<div class=\"thsn-element-posts-wrapper row multi-columns-row\">\r\n\r\n\t\t\t\t<article class=\"thsn-ele thsn-ele-service thsn-service-style-1 col-md-4 ozel-ekim thsn-term-20\"><div class=\"themesion-post-item\">\r\n\t<div class=\"thsn-service-icon-overlay\">\r\n\t\t<div class=\"thsn-featured-wrapper\"><a href=\"https:\/\/aplushairtransplant.com\/bs_ba\/usluga\/zasadivanje-misica\/\"><img fetchpriority=\"high\" decoding=\"async\" width=\"770\" height=\"635\" src=\"https:\/\/aplushairtransplant.com\/wp-content\/uploads\/2023\/01\/shutterstock_2226828455-770x635.jpg\" class=\"attachment-thsn-img-770x635 size-thsn-img-770x635 wp-post-image\" alt=\"\" \/><\/a><\/div>\t\t<div class=\"thsn-service-icon-wrapper\">\r\n\t\t\t<i class=\"thsn-doctery-icon thsn-doctery-icon-hospital\"><\/i>\t\t<\/div>\r\n\t<\/div>\r\n\t<div class=\"themesion-box-content\">\r\n\t\t<div class=\"themesion-box-content-inner\">\r\n\t\t\t<h3 class=\"thsn-service-title\"><a href=\"https:\/\/aplushairtransplant.com\/bs_ba\/usluga\/zasadivanje-misica\/\">Transplantacija obrva<\/a><\/h3>\r\n\t\t\t\t\t\t<div class=\"thsn-service-content\"><p>Transplantacija obrva je postupak koji se primjenjuje za trajno obnavljanje dla\u010dica obrva kod pacijenata koji nemaju obrve, izgubili su obrve zbog traume (o\u017eiljci, \u010dupanje, kemoterapija) ili koji \u017eele zadebljati i pobolj\u0161ati izgled svojih obrva.<\/p>\n<\/div>\r\n\t\t\t\t\t\t<div class=\"thsn-service-btn\">\r\n\t\t\t\t<a class=\"elementor-button-link elementor-button elementor-size-md\" href=\"https:\/\/aplushairtransplant.com\/bs_ba\/usluga\/zasadivanje-misica\/\"><span class=\"thsn-btn-text\">More<\/span><i class=\"thsn-base-icon-right-arrow\"><\/i><\/a>\r\n\t\t\t<\/div>\r\n\t\t<\/div>\r\n\t<\/div>\r\n<\/div><\/article><article class=\"thsn-ele thsn-ele-service thsn-service-style-1 col-md-4 ozel-ekim thsn-term-20\"><div class=\"themesion-post-item\">\r\n\t<div class=\"thsn-service-icon-overlay\">\r\n\t\t<div class=\"thsn-featured-wrapper\"><a href=\"https:\/\/aplushairtransplant.com\/bs_ba\/usluga\/plantaza-brade-i-brkova\/\"><img decoding=\"async\" width=\"770\" height=\"635\" src=\"https:\/\/aplushairtransplant.com\/wp-content\/uploads\/2023\/01\/shutterstock_1883740123-770x635.jpg\" class=\"attachment-thsn-img-770x635 size-thsn-img-770x635 wp-post-image\" alt=\"\" \/><\/a><\/div>\t\t<div class=\"thsn-service-icon-wrapper\">\r\n\t\t\t<i class=\"thsn-doctery-icon thsn-doctery-icon-hospital\"><\/i>\t\t<\/div>\r\n\t<\/div>\r\n\t<div class=\"themesion-box-content\">\r\n\t\t<div class=\"themesion-box-content-inner\">\r\n\t\t\t<h3 class=\"thsn-service-title\"><a href=\"https:\/\/aplushairtransplant.com\/bs_ba\/usluga\/plantaza-brade-i-brkova\/\">Transplantacija brade i brkova<\/a><\/h3>\r\n\t\t\t\t\t\t<div class=\"thsn-service-content\"><p>Transplantacija brade i brkova je aplikacija za osobe koje su izgubile bradu ili brkove ili nisu pustile bradu. <\/p>\n<\/div>\r\n\t\t\t\t\t\t<div class=\"thsn-service-btn\">\r\n\t\t\t\t<a class=\"elementor-button-link elementor-button elementor-size-md\" href=\"https:\/\/aplushairtransplant.com\/bs_ba\/usluga\/plantaza-brade-i-brkova\/\"><span class=\"thsn-btn-text\">More<\/span><i class=\"thsn-base-icon-right-arrow\"><\/i><\/a>\r\n\t\t\t<\/div>\r\n\t\t<\/div>\r\n\t<\/div>\r\n<\/div><\/article><article class=\"thsn-ele thsn-ele-service thsn-service-style-1 col-md-4 sac-tedavileri thsn-term-13\"><div class=\"themesion-post-item\">\r\n\t<div class=\"thsn-service-icon-overlay\">\r\n\t\t<div class=\"thsn-featured-wrapper\"><a href=\"https:\/\/aplushairtransplant.com\/bs_ba\/usluga\/prp-sheet-treatment\/\"><img decoding=\"async\" width=\"770\" height=\"635\" src=\"https:\/\/aplushairtransplant.com\/wp-content\/uploads\/2023\/01\/shutterstock_2047825499-770x635.jpg\" class=\"attachment-thsn-img-770x635 size-thsn-img-770x635 wp-post-image\" alt=\"\" \/><\/a><\/div>\t\t<div class=\"thsn-service-icon-wrapper\">\r\n\t\t\t<i class=\"thsn-doctery-icon thsn-doctery-icon-hospital\"><\/i>\t\t<\/div>\r\n\t<\/div>\r\n\t<div class=\"themesion-box-content\">\r\n\t\t<div class=\"themesion-box-content-inner\">\r\n\t\t\t<h3 class=\"thsn-service-title\"><a href=\"https:\/\/aplushairtransplant.com\/bs_ba\/usluga\/prp-sheet-treatment\/\">Prp tretman za kosu<\/a><\/h3>\r\n\t\t\t\t\t\t<div class=\"thsn-service-content\"><p>PRP tretman kose je odvajanje dijela krvi uzete od osobe na njene komponente nakon procesa centrifugiranja, oboga\u0107ivanje trombocita i ubrizgavanje dobijenog seruma u vlasi\u0161te. <\/p>\n<\/div>\r\n\t\t\t\t\t\t<div class=\"thsn-service-btn\">\r\n\t\t\t\t<a class=\"elementor-button-link elementor-button elementor-size-md\" href=\"https:\/\/aplushairtransplant.com\/bs_ba\/usluga\/prp-sheet-treatment\/\"><span class=\"thsn-btn-text\">More<\/span><i class=\"thsn-base-icon-right-arrow\"><\/i><\/a>\r\n\t\t\t<\/div>\r\n\t\t<\/div>\r\n\t<\/div>\r\n<\/div><\/article><article class=\"thsn-ele thsn-ele-service thsn-service-style-1 col-md-4 sac-tedavileri thsn-term-13\"><div class=\"themesion-post-item\">\r\n\t<div class=\"thsn-service-icon-overlay\">\r\n\t\t<div class=\"thsn-featured-wrapper\"><a href=\"https:\/\/aplushairtransplant.com\/bs_ba\/usluga\/sheet-mezoterapija\/\"><img loading=\"lazy\" decoding=\"async\" width=\"770\" height=\"635\" src=\"https:\/\/aplushairtransplant.com\/wp-content\/uploads\/2023\/01\/shutterstock_1995650396-770x635.jpg\" class=\"attachment-thsn-img-770x635 size-thsn-img-770x635 wp-post-image\" alt=\"\" \/><\/a><\/div>\t\t<div class=\"thsn-service-icon-wrapper\">\r\n\t\t\t<i class=\"thsn-doctery-icon thsn-doctery-icon-hospital\"><\/i>\t\t<\/div>\r\n\t<\/div>\r\n\t<div class=\"themesion-box-content\">\r\n\t\t<div class=\"themesion-box-content-inner\">\r\n\t\t\t<h3 class=\"thsn-service-title\"><a href=\"https:\/\/aplushairtransplant.com\/bs_ba\/usluga\/sheet-mezoterapija\/\">Mezoterapija za kosu<\/a><\/h3>\r\n\t\t\t\t\t\t<div class=\"thsn-service-content\"><p>Mezoterapija kose je oblik tretmana koji se periodi\u010dno primjenjuje na vlasi\u0161te kako bi se zaustavio gubitak kose, pobolj\u0161ao kvalitet postoje\u0107e kose i aktivirao rast nove kose.<\/p>\n<\/div>\r\n\t\t\t\t\t\t<div class=\"thsn-service-btn\">\r\n\t\t\t\t<a class=\"elementor-button-link elementor-button elementor-size-md\" href=\"https:\/\/aplushairtransplant.com\/bs_ba\/usluga\/sheet-mezoterapija\/\"><span class=\"thsn-btn-text\">More<\/span><i class=\"thsn-base-icon-right-arrow\"><\/i><\/a>\r\n\t\t\t<\/div>\r\n\t\t<\/div>\r\n\t<\/div>\r\n<\/div><\/article><article class=\"thsn-ele thsn-ele-service thsn-service-style-1 col-md-4 sac-tedavileri thsn-term-13\"><div class=\"themesion-post-item\">\r\n\t<div class=\"thsn-service-icon-overlay\">\r\n\t\t<div class=\"thsn-featured-wrapper\"><a href=\"https:\/\/aplushairtransplant.com\/bs_ba\/usluga\/autologni-mikrograft\/\"><img loading=\"lazy\" decoding=\"async\" width=\"770\" height=\"635\" src=\"https:\/\/aplushairtransplant.com\/wp-content\/uploads\/2023\/01\/shutterstock_1126711370-770x635.jpg\" class=\"attachment-thsn-img-770x635 size-thsn-img-770x635 wp-post-image\" alt=\"\" \/><\/a><\/div>\t\t<div class=\"thsn-service-icon-wrapper\">\r\n\t\t\t<i class=\"thsn-doctery-icon thsn-doctery-icon-hospital\"><\/i>\t\t<\/div>\r\n\t<\/div>\r\n\t<div class=\"themesion-box-content\">\r\n\t\t<div class=\"themesion-box-content-inner\">\r\n\t\t\t<h3 class=\"thsn-service-title\"><a href=\"https:\/\/aplushairtransplant.com\/bs_ba\/usluga\/autologni-mikrograft\/\">Autologni mikrograft<\/a><\/h3>\r\n\t\t\t\t\t\t<div class=\"thsn-service-content\"><p>Autologni mikrograft daje uspje\u0161ne rezultate kod ve\u0107ine problema s kosom kod mu\u0161karaca i \u017eena.<\/p>\n<\/div>\r\n\t\t\t\t\t\t<div class=\"thsn-service-btn\">\r\n\t\t\t\t<a class=\"elementor-button-link elementor-button elementor-size-md\" href=\"https:\/\/aplushairtransplant.com\/bs_ba\/usluga\/autologni-mikrograft\/\"><span class=\"thsn-btn-text\">More<\/span><i class=\"thsn-base-icon-right-arrow\"><\/i><\/a>\r\n\t\t\t<\/div>\r\n\t\t<\/div>\r\n\t<\/div>\r\n<\/div><\/article><article class=\"thsn-ele thsn-ele-service thsn-service-style-1 col-md-4 sac-ekim-yontemleri thsn-term-15\"><div class=\"themesion-post-item\">\r\n\t<div class=\"thsn-service-icon-overlay\">\r\n\t\t<div class=\"thsn-featured-wrapper\"><a href=\"https:\/\/aplushairtransplant.com\/bs_ba\/usluga\/neobrijana-metoda-sadnje\/\"><img loading=\"lazy\" decoding=\"async\" width=\"770\" height=\"635\" src=\"https:\/\/aplushairtransplant.com\/wp-content\/uploads\/2023\/01\/tirassiz-sac-ekimi-770x635.jpg\" class=\"attachment-thsn-img-770x635 size-thsn-img-770x635 wp-post-image\" alt=\"\" \/><\/a><\/div>\t\t<div class=\"thsn-service-icon-wrapper\">\r\n\t\t\t<i class=\"thsn-doctery-icon thsn-doctery-icon-hospital\"><\/i>\t\t<\/div>\r\n\t<\/div>\r\n\t<div class=\"themesion-box-content\">\r\n\t\t<div class=\"themesion-box-content-inner\">\r\n\t\t\t<h3 class=\"thsn-service-title\"><a href=\"https:\/\/aplushairtransplant.com\/bs_ba\/usluga\/neobrijana-metoda-sadnje\/\">Metoda presa\u0111ivanja neobrijane kose<\/a><\/h3>\r\n\t\t\t\t\t\t<div class=\"thsn-service-content\"><p>Kod transplantacije neobrijane kose, folikuli dlake se uzimaju iz podru\u010dja potiljka pomo\u0107u mikromotora. <\/p>\n<\/div>\r\n\t\t\t\t\t\t<div class=\"thsn-service-btn\">\r\n\t\t\t\t<a class=\"elementor-button-link elementor-button elementor-size-md\" href=\"https:\/\/aplushairtransplant.com\/bs_ba\/usluga\/neobrijana-metoda-sadnje\/\"><span class=\"thsn-btn-text\">More<\/span><i class=\"thsn-base-icon-right-arrow\"><\/i><\/a>\r\n\t\t\t<\/div>\r\n\t\t<\/div>\r\n\t<\/div>\r\n<\/div><\/article><article class=\"thsn-ele thsn-ele-service thsn-service-style-1 col-md-4 sac-ekim-yontemleri thsn-term-15\"><div class=\"themesion-post-item\">\r\n\t<div class=\"thsn-service-icon-overlay\">\r\n\t\t<div class=\"thsn-featured-wrapper\"><a href=\"https:\/\/aplushairtransplant.com\/bs_ba\/usluga\/sedated-sheet-oktobar\/\"><img loading=\"lazy\" decoding=\"async\" width=\"770\" height=\"635\" src=\"https:\/\/aplushairtransplant.com\/wp-content\/uploads\/2023\/01\/aplus-clinic-hairtransplant-770x635.jpg\" class=\"attachment-thsn-img-770x635 size-thsn-img-770x635 wp-post-image\" alt=\"\" \/><\/a><\/div>\t\t<div class=\"thsn-service-icon-wrapper\">\r\n\t\t\t<i class=\"thsn-doctery-icon thsn-doctery-icon-hospital\"><\/i>\t\t<\/div>\r\n\t<\/div>\r\n\t<div class=\"themesion-box-content\">\r\n\t\t<div class=\"themesion-box-content-inner\">\r\n\t\t\t<h3 class=\"thsn-service-title\"><a href=\"https:\/\/aplushairtransplant.com\/bs_ba\/usluga\/sedated-sheet-oktobar\/\">Sedirana transplantacija kose<\/a><\/h3>\r\n\t\t\t\t\t\t<div class=\"thsn-service-content\"><p>Operacije transplantacije kose se uglavnom izvode u lokalnoj anesteziji.<\/p>\n<\/div>\r\n\t\t\t\t\t\t<div class=\"thsn-service-btn\">\r\n\t\t\t\t<a class=\"elementor-button-link elementor-button elementor-size-md\" href=\"https:\/\/aplushairtransplant.com\/bs_ba\/usluga\/sedated-sheet-oktobar\/\"><span class=\"thsn-btn-text\">More<\/span><i class=\"thsn-base-icon-right-arrow\"><\/i><\/a>\r\n\t\t\t<\/div>\r\n\t\t<\/div>\r\n\t<\/div>\r\n<\/div><\/article><article class=\"thsn-ele thsn-ele-service thsn-service-style-1 col-md-4 sac-ekim-yontemleri thsn-term-15\"><div class=\"themesion-post-item\">\r\n\t<div class=\"thsn-service-icon-overlay\">\r\n\t\t<div class=\"thsn-featured-wrapper\"><a href=\"https:\/\/aplushairtransplant.com\/bs_ba\/usluga\/dhi-sheet-planting\/\"><img loading=\"lazy\" decoding=\"async\" width=\"770\" height=\"635\" src=\"https:\/\/aplushairtransplant.com\/wp-content\/uploads\/2023\/01\/dhi-hair-transplant-770x635.jpg\" class=\"attachment-thsn-img-770x635 size-thsn-img-770x635 wp-post-image\" alt=\"\" \/><\/a><\/div>\t\t<div class=\"thsn-service-icon-wrapper\">\r\n\t\t\t<i class=\"thsn-doctery-icon thsn-doctery-icon-hospital\"><\/i>\t\t<\/div>\r\n\t<\/div>\r\n\t<div class=\"themesion-box-content\">\r\n\t\t<div class=\"themesion-box-content-inner\">\r\n\t\t\t<h3 class=\"thsn-service-title\"><a href=\"https:\/\/aplushairtransplant.com\/bs_ba\/usluga\/dhi-sheet-planting\/\">DHI transplantacija kose<\/a><\/h3>\r\n\t\t\t\t\t\t<div class=\"thsn-service-content\"><p>Napredak medicine doveo je do va\u017enih inovacija u transplantaciji kose. <\/p>\n<\/div>\r\n\t\t\t\t\t\t<div class=\"thsn-service-btn\">\r\n\t\t\t\t<a class=\"elementor-button-link elementor-button elementor-size-md\" href=\"https:\/\/aplushairtransplant.com\/bs_ba\/usluga\/dhi-sheet-planting\/\"><span class=\"thsn-btn-text\">More<\/span><i class=\"thsn-base-icon-right-arrow\"><\/i><\/a>\r\n\t\t\t<\/div>\r\n\t\t<\/div>\r\n\t<\/div>\r\n<\/div><\/article><article class=\"thsn-ele thsn-ele-service thsn-service-style-1 col-md-4 sac-ekim-yontemleri thsn-term-15\"><div class=\"themesion-post-item\">\r\n\t<div class=\"thsn-service-icon-overlay\">\r\n\t\t<div class=\"thsn-featured-wrapper\"><a href=\"https:\/\/aplushairtransplant.com\/bs_ba\/usluga\/fue-sheet-planting\/\"><img loading=\"lazy\" decoding=\"async\" width=\"770\" height=\"635\" src=\"https:\/\/aplushairtransplant.com\/wp-content\/uploads\/2020\/06\/adult-male-getting-hair-loss-treatment-min-770x635.jpg\" class=\"attachment-thsn-img-770x635 size-thsn-img-770x635 wp-post-image\" alt=\"\" \/><\/a><\/div>\t\t<div class=\"thsn-service-icon-wrapper\">\r\n\t\t\t<i class=\"thsn-doctery-icon thsn-doctery-icon-hospital\"><\/i>\t\t<\/div>\r\n\t<\/div>\r\n\t<div class=\"themesion-box-content\">\r\n\t\t<div class=\"themesion-box-content-inner\">\r\n\t\t\t<h3 class=\"thsn-service-title\"><a href=\"https:\/\/aplushairtransplant.com\/bs_ba\/usluga\/fue-sheet-planting\/\">FUE TRANSPLANTACIJA KOSE<\/a><\/h3>\r\n\t\t\t\t\t\t<div class=\"thsn-service-content\"><p>FUE metoda transplantacije kose jedna je od prvih metoda koja padaju na pamet kada je u pitanju transplantacija kose. <\/p>\n<\/div>\r\n\t\t\t\t\t\t<div class=\"thsn-service-btn\">\r\n\t\t\t\t<a class=\"elementor-button-link elementor-button elementor-size-md\" href=\"https:\/\/aplushairtransplant.com\/bs_ba\/usluga\/fue-sheet-planting\/\"><span class=\"thsn-btn-text\">More<\/span><i class=\"thsn-base-icon-right-arrow\"><\/i><\/a>\r\n\t\t\t<\/div>\r\n\t\t<\/div>\r\n\t<\/div>\r\n<\/div><\/article>\r\n\t\t\t\t<\/div>\r\n\t\t\t<\/div>\r\n\r\n\t\t\t\r\n\t\t\t\r\n\t\t\r\n\t\t<\/div><!-- .themesion-element-inner -->   <\/div><!-- .themesion-element -->  \r\n\t    \t\t\t\t<\/div>\n\t\t\t\t<\/div>\n\t\t\t\t\t<\/div>\n\t\t<\/div>\n\t\t\t\t\t<\/div>\n\t\t<\/div>\n\t\t\t\t<\/div>","protected":false},"excerpt":{"rendered":"<p>Plastic Surgery We are give best quality health care service &#038; facility of latest technology so patient surgery easy &#038; secure. More Hematology We are give best quality health care service &#038; facility of latest technology so patient surgery easy &#038; secure. More Neurology We are give best quality health care service &#038; facility of latest technology so patient surgery easy &#038; secure. More Gastrologic We are give best quality[&hellip;]<\/p>\n","protected":false},"author":1,"featured_media":0,"parent":0,"menu_order":10,"comment_status":"closed","ping_status":"closed","template":"","meta":{"_acf_changed":false,"footnotes":""},"class_list":["post-65","page","type-page","status-publish","hentry"],"acf":[],"yoast_head":"<!-- This site is optimized with the Yoast SEO Premium plugin v19.7 (Yoast SEO v27.4) - https:\/\/yoast.com\/product\/yoast-seo-premium-wordpress\/ -->\n<title>Tedaviler - Aplus Hair Transplant<\/title>\n<meta name=\"robots\" content=\"index, follow, max-snippet:-1, max-image-preview:large, max-video-preview:-1\" \/>\n<link rel=\"canonical\" href=\"https:\/\/aplushairtransplant.com\/bs_ba\/traitements\/\" \/>\n<meta property=\"og:locale\" content=\"bs_BA\" \/>\n<meta property=\"og:type\" content=\"article\" \/>\n<meta property=\"og:title\" content=\"Tedaviler\" \/>\n<meta property=\"og:description\" content=\"Plastic Surgery We are give best quality health care service &#038; facility of latest technology so patient surgery easy &#038; secure. More Hematology We are give best quality health care service &#038; facility of latest technology so patient surgery easy &#038; secure. More Neurology We are give best quality health care service &#038; facility of latest technology so patient surgery easy &#038; secure. More Gastrologic We are give best quality[&hellip;]\" \/>\n<meta property=\"og:url\" content=\"https:\/\/aplushairtransplant.com\/bs_ba\/traitements\/\" \/>\n<meta property=\"og:site_name\" content=\"Aplus Hair Transplant\" \/>\n<meta property=\"article:modified_time\" content=\"2023-01-19T09:37:50+00:00\" \/>\n<meta property=\"og:image\" content=\"https:\/\/doctery-demo.pbminfotech.com\/datasite\/wp-content\/uploads\/sites\/6\/2020\/06\/service-01-770x635.jpg\" \/>\n<meta name=\"twitter:card\" content=\"summary_large_image\" \/>\n<meta name=\"twitter:label1\" content=\"Est. reading time\" \/>\n\t<meta name=\"twitter:data1\" content=\"1 minuta\" \/>\n<script type=\"application\/ld+json\" class=\"yoast-schema-graph\">{\"@context\":\"https:\\\/\\\/schema.org\",\"@graph\":[{\"@type\":\"WebPage\",\"@id\":\"https:\\\/\\\/aplushairtransplant.com\\\/fr_fr\\\/traitements\\\/\",\"url\":\"https:\\\/\\\/aplushairtransplant.com\\\/fr_fr\\\/traitements\\\/\",\"name\":\"Tedaviler - Aplus Hair Transplant\",\"isPartOf\":{\"@id\":\"https:\\\/\\\/lightgreen-beaver-954374.hostingersite.com\\\/tr\\\/#website\"},\"primaryImageOfPage\":{\"@id\":\"https:\\\/\\\/aplushairtransplant.com\\\/fr_fr\\\/traitements\\\/#primaryimage\"},\"image\":{\"@id\":\"https:\\\/\\\/aplushairtransplant.com\\\/fr_fr\\\/traitements\\\/#primaryimage\"},\"thumbnailUrl\":\"https:\\\/\\\/doctery-demo.pbminfotech.com\\\/datasite\\\/wp-content\\\/uploads\\\/sites\\\/6\\\/2020\\\/06\\\/service-01-770x635.jpg\",\"datePublished\":\"2020-08-12T05:16:40+00:00\",\"dateModified\":\"2023-01-19T09:37:50+00:00\",\"breadcrumb\":{\"@id\":\"https:\\\/\\\/aplushairtransplant.com\\\/fr_fr\\\/traitements\\\/#breadcrumb\"},\"inLanguage\":\"bs-BA\",\"potentialAction\":[{\"@type\":\"ReadAction\",\"target\":[\"https:\\\/\\\/aplushairtransplant.com\\\/fr_fr\\\/traitements\\\/\"]}]},{\"@type\":\"ImageObject\",\"inLanguage\":\"bs-BA\",\"@id\":\"https:\\\/\\\/aplushairtransplant.com\\\/fr_fr\\\/traitements\\\/#primaryimage\",\"url\":\"https:\\\/\\\/doctery-demo.pbminfotech.com\\\/datasite\\\/wp-content\\\/uploads\\\/sites\\\/6\\\/2020\\\/06\\\/service-01-770x635.jpg\",\"contentUrl\":\"https:\\\/\\\/doctery-demo.pbminfotech.com\\\/datasite\\\/wp-content\\\/uploads\\\/sites\\\/6\\\/2020\\\/06\\\/service-01-770x635.jpg\"},{\"@type\":\"BreadcrumbList\",\"@id\":\"https:\\\/\\\/aplushairtransplant.com\\\/fr_fr\\\/traitements\\\/#breadcrumb\",\"itemListElement\":[{\"@type\":\"ListItem\",\"position\":1,\"name\":\"Anasayfa\",\"item\":\"https:\\\/\\\/aplushairtransplant.com\\\/\"},{\"@type\":\"ListItem\",\"position\":2,\"name\":\"Tedaviler\"}]},{\"@type\":\"WebSite\",\"@id\":\"https:\\\/\\\/lightgreen-beaver-954374.hostingersite.com\\\/tr\\\/#website\",\"url\":\"https:\\\/\\\/lightgreen-beaver-954374.hostingersite.com\\\/tr\\\/\",\"name\":\"Aplus Hair Transplant\",\"description\":\"\",\"publisher\":{\"@id\":\"https:\\\/\\\/lightgreen-beaver-954374.hostingersite.com\\\/tr\\\/#organization\"},\"alternateName\":\"Aplus Hair Transplant \u0130stanbul\",\"potentialAction\":[{\"@type\":\"SearchAction\",\"target\":{\"@type\":\"EntryPoint\",\"urlTemplate\":\"https:\\\/\\\/lightgreen-beaver-954374.hostingersite.com\\\/tr\\\/?s={search_term_string}\"},\"query-input\":{\"@type\":\"PropertyValueSpecification\",\"valueRequired\":true,\"valueName\":\"search_term_string\"}}],\"inLanguage\":\"bs-BA\"},{\"@type\":\"Organization\",\"@id\":\"https:\\\/\\\/lightgreen-beaver-954374.hostingersite.com\\\/tr\\\/#organization\",\"name\":\"Aplus Hair Transplant\",\"url\":\"https:\\\/\\\/lightgreen-beaver-954374.hostingersite.com\\\/tr\\\/\",\"logo\":{\"@type\":\"ImageObject\",\"inLanguage\":\"bs-BA\",\"@id\":\"https:\\\/\\\/lightgreen-beaver-954374.hostingersite.com\\\/tr\\\/#\\\/schema\\\/logo\\\/image\\\/\",\"url\":\"https:\\\/\\\/aplushairtransplant.com\\\/wp-content\\\/uploads\\\/2023\\\/01\\\/footer-logo.png\",\"contentUrl\":\"https:\\\/\\\/aplushairtransplant.com\\\/wp-content\\\/uploads\\\/2023\\\/01\\\/footer-logo.png\",\"width\":938,\"height\":938,\"caption\":\"Aplus Hair Transplant\"},\"image\":{\"@id\":\"https:\\\/\\\/lightgreen-beaver-954374.hostingersite.com\\\/tr\\\/#\\\/schema\\\/logo\\\/image\\\/\"}}]}<\/script>\n<!-- \/ Yoast SEO Premium plugin. -->","yoast_head_json":{"title":"Tretmani - Aplus transplantacija kose","robots":{"index":"index","follow":"follow","max-snippet":"max-snippet:-1","max-image-preview":"max-image-preview:large","max-video-preview":"max-video-preview:-1"},"canonical":"https:\/\/aplushairtransplant.com\/bs_ba\/traitements\/","og_locale":"bs_BA","og_type":"article","og_title":"Tedaviler","og_description":"Plastic Surgery We are give best quality health care service &#038; facility of latest technology so patient surgery easy &#038; secure. More Hematology We are give best quality health care service &#038; facility of latest technology so patient surgery easy &#038; secure. More Neurology We are give best quality health care service &#038; facility of latest technology so patient surgery easy &#038; secure. More Gastrologic We are give best quality[&hellip;]","og_url":"https:\/\/aplushairtransplant.com\/bs_ba\/traitements\/","og_site_name":"Aplus Hair Transplant","article_modified_time":"2023-01-19T09:37:50+00:00","og_image":[{"url":"https:\/\/doctery-demo.pbminfotech.com\/datasite\/wp-content\/uploads\/sites\/6\/2020\/06\/service-01-770x635.jpg","type":"","width":"","height":""}],"twitter_card":"summary_large_image","twitter_misc":{"Est. reading time":"1 minuta"},"schema":{"@context":"https:\/\/schema.org","@graph":[{"@type":"WebPage","@id":"https:\/\/aplushairtransplant.com\/fr_fr\/traitements\/","url":"https:\/\/aplushairtransplant.com\/fr_fr\/traitements\/","name":"Tretmani - Aplus transplantacija kose","isPartOf":{"@id":"https:\/\/lightgreen-beaver-954374.hostingersite.com\/tr\/#website"},"primaryImageOfPage":{"@id":"https:\/\/aplushairtransplant.com\/fr_fr\/traitements\/#primaryimage"},"image":{"@id":"https:\/\/aplushairtransplant.com\/fr_fr\/traitements\/#primaryimage"},"thumbnailUrl":"https:\/\/doctery-demo.pbminfotech.com\/datasite\/wp-content\/uploads\/sites\/6\/2020\/06\/service-01-770x635.jpg","datePublished":"2020-08-12T05:16:40+00:00","dateModified":"2023-01-19T09:37:50+00:00","breadcrumb":{"@id":"https:\/\/aplushairtransplant.com\/fr_fr\/traitements\/#breadcrumb"},"inLanguage":"bs-BA","potentialAction":[{"@type":"ReadAction","target":["https:\/\/aplushairtransplant.com\/fr_fr\/traitements\/"]}]},{"@type":"ImageObject","inLanguage":"bs-BA","@id":"https:\/\/aplushairtransplant.com\/fr_fr\/traitements\/#primaryimage","url":"https:\/\/doctery-demo.pbminfotech.com\/datasite\/wp-content\/uploads\/sites\/6\/2020\/06\/service-01-770x635.jpg","contentUrl":"https:\/\/doctery-demo.pbminfotech.com\/datasite\/wp-content\/uploads\/sites\/6\/2020\/06\/service-01-770x635.jpg"},{"@type":"BreadcrumbList","@id":"https:\/\/aplushairtransplant.com\/fr_fr\/traitements\/#breadcrumb","itemListElement":[{"@type":"ListItem","position":1,"name":"Anasayfa","item":"https:\/\/aplushairtransplant.com\/"},{"@type":"ListItem","position":2,"name":"Tedaviler"}]},{"@type":"WebSite","@id":"https:\/\/lightgreen-beaver-954374.hostingersite.com\/tr\/#website","url":"https:\/\/lightgreen-beaver-954374.hostingersite.com\/tr\/","name":"Aplus transplantacija kose","description":"","publisher":{"@id":"https:\/\/lightgreen-beaver-954374.hostingersite.com\/tr\/#organization"},"alternateName":"Aplus Hair Transplant \u0130stanbul","potentialAction":[{"@type":"SearchAction","target":{"@type":"EntryPoint","urlTemplate":"https:\/\/lightgreen-beaver-954374.hostingersite.com\/tr\/?s={search_term_string}"},"query-input":{"@type":"PropertyValueSpecification","valueRequired":true,"valueName":"search_term_string"}}],"inLanguage":"bs-BA"},{"@type":"Organization","@id":"https:\/\/lightgreen-beaver-954374.hostingersite.com\/tr\/#organization","name":"Aplus transplantacija kose","url":"https:\/\/lightgreen-beaver-954374.hostingersite.com\/tr\/","logo":{"@type":"ImageObject","inLanguage":"bs-BA","@id":"https:\/\/lightgreen-beaver-954374.hostingersite.com\/tr\/#\/schema\/logo\/image\/","url":"https:\/\/aplushairtransplant.com\/wp-content\/uploads\/2023\/01\/footer-logo.png","contentUrl":"https:\/\/aplushairtransplant.com\/wp-content\/uploads\/2023\/01\/footer-logo.png","width":938,"height":938,"caption":"Aplus Hair Transplant"},"image":{"@id":"https:\/\/lightgreen-beaver-954374.hostingersite.com\/tr\/#\/schema\/logo\/image\/"}}]}},"_links":{"self":[{"href":"https:\/\/aplushairtransplant.com\/bs_ba\/wp-json\/wp\/v2\/pages\/65","targetHints":{"allow":["GET"]}}],"collection":[{"href":"https:\/\/aplushairtransplant.com\/bs_ba\/wp-json\/wp\/v2\/pages"}],"about":[{"href":"https:\/\/aplushairtransplant.com\/bs_ba\/wp-json\/wp\/v2\/types\/page"}],"author":[{"embeddable":true,"href":"https:\/\/aplushairtransplant.com\/bs_ba\/wp-json\/wp\/v2\/users\/1"}],"replies":[{"embeddable":true,"href":"https:\/\/aplushairtransplant.com\/bs_ba\/wp-json\/wp\/v2\/comments?post=65"}],"version-history":[{"count":0,"href":"https:\/\/aplushairtransplant.com\/bs_ba\/wp-json\/wp\/v2\/pages\/65\/revisions"}],"wp:attachment":[{"href":"https:\/\/aplushairtransplant.com\/bs_ba\/wp-json\/wp\/v2\/media?parent=65"}],"curies":[{"name":"wp","href":"https:\/\/api.w.org\/{rel}","templated":true}]}}