{"id":671,"date":"2023-01-19T10:54:41","date_gmt":"2023-01-19T10:54:41","guid":{"rendered":"https:\/\/aplushairtransplant.com\/?page_id=671"},"modified":"2023-01-19T10:56:46","modified_gmt":"2023-01-19T10:56:46","slug":"kvkk","status":"publish","type":"page","link":"https:\/\/aplushairtransplant.com\/bs_ba\/kvkk\/","title":{"rendered":"KVKK"},"content":{"rendered":"<div data-elementor-type=\"wp-page\" data-elementor-id=\"671\" class=\"elementor elementor-671\">\n\t\t\t\t\t\t<section class=\"elementor-section elementor-top-section elementor-element elementor-element-0aae4f3 elementor-section-stretched thsn-col-stretched-none thsn-bg-color-over-image elementor-section-boxed elementor-section-height-default elementor-section-height-default\" data-id=\"0aae4f3\" data-element_type=\"section\" data-e-type=\"section\" data-settings=\"{&quot;stretch_section&quot;:&quot;section-stretched&quot;}\">\n\t\t\t\t\t\t<div class=\"elementor-container elementor-column-gap-default\">\n\t\t\t\t\t<div class=\"elementor-column elementor-col-100 elementor-top-column elementor-element elementor-element-fe75053 thsn-bg-color-over-image\" data-id=\"fe75053\" data-element_type=\"column\" data-e-type=\"column\">\n\t\t\t<div class=\"elementor-widget-wrap elementor-element-populated\">\n\t\t\t\t\t\t<div class=\"elementor-element elementor-element-3a1a773 elementor-widget elementor-widget-text-editor\" data-id=\"3a1a773\" data-element_type=\"widget\" data-e-type=\"widget\" data-widget_type=\"text-editor.default\">\n\t\t\t\t<div class=\"elementor-widget-container\">\n\t\t\t\t\t\t\t\t\t<p><strong>SVJETLE\u0106I TEKST PO ZAKONU O ZA\u0160TITI LI\u010cNIH PODATAKA<\/strong><\/p><p>Poliklinika Plus Aesthetics pridaje va\u017enost za\u0161titi privatnosti va\u0161ih li\u010dnih podataka i svih povezanih procesa.<\/p><p>Kao Poliklinika za estetiku A Plus, u skladu sa Zakonom o za\u0161titi li\u010dnih podataka br. 6698 (\u201cKVKK\u201d), kao Rukovalac podataka, u okviru na\u0161e obaveze informiranja u okviru KVKK-a, uzimaju\u0107i u obzir podatke sigurnosti na\u0161ih pacijenata i srodnika, zbog zna\u010daja koji pridajemo za\u0161titi privatnosti, osnovnih prava i sloboda, u nastavku \u017eelimo da Vas informi\u0161emo o problemima.<\/p><ol><li><strong>Koje li\u010dne podatke obra\u0111ujemo?<\/strong><\/li><\/ol><p>Prikupljamo razli\u010dite li\u010dne podatke u skladu sa principima i uslovima u okviru KVKK-a i drugih relevantnih zakona u cilju pru\u017eanja zdravstvenih usluga na\u0161im pacijentima\/klijentima. U cilju pru\u017eanja zdravstvenih usluga na\u0161im pacijentima\/klijentima, na\u0161a poliklinika prikuplja sljede\u0107e podatke od na\u0161ih pacijenata, drugih zdravstvenih ustanova i organizacija ili srodnika pacijenata u svrhu obavljanja medicinske dijagnostike, konsultacija, pregleda, lije\u010denja i usluga njege:<\/p><ul><li>Va\u0161e ime, prezime, podatke o identitetu TR, broj paso\u0161a, mjesto i datum ro\u0111enja,<\/li><li>va\u0161 spol i bra\u010dni status,<\/li><li>Va\u0161a adresa, broj telefona, e-mail adresa<\/li><li>Va\u0161 broj protokola pacijenta i drugi identifikacioni podaci po kojima Vas mo\u017eemo identificirati,<\/li><li>Va\u0161i podaci navedeni u obrascu za pristanak koji mo\u017eete dati u slu\u010daju medicinske intervencije,<\/li><li>Podaci Va\u0161eg privatnog zdravstvenog osiguranja ili Zavoda za socijalno osiguranje u svrhu financiranja i planiranja zdravstvenih usluga,<\/li><li>Va\u0161i biometrijski podaci u okviru usluga koje finansira Zavod za socijalno osiguranje,<\/li><li>Va\u0161i op\u0161ti i posebni li\u010dni podaci, a posebno li\u010dni zdravstveni podaci dobijeni tokom obavljanja svih medicinskih usluga dijagnoze, pregleda, le\u010denja i njege, kao \u0161to su va\u0161i laboratorijski rezultati, rezultati testova, podaci o pregledima, podaci o pregledima, podaci o receptima,<\/li><li>Tokom va\u0161e posjete Poliklinici A Plus Aesthetics, va\u0161 zatvoreni sistem kamera snima sliku i snimanje, snimanje zvuka,<\/li><li>Podaci o va\u0161oj anketi, prijedlozima, zahvalama i \u017ealbama, e-mailu, kontakt formi na web stranici, va\u0161em snimku glasa kada nas kontaktirate putem call centra i ostalim podacima koje dijelite kada nas kontaktirate putem drugih kanala.<\/li><li>Svi telefonski pozivi, snimci govornih poziva se \u010duvaju ako kontaktirate na\u0161 call centar,<\/li><li>Podaci o li\u010dnosti evidentirani na fotografijama ili video snimcima radi potvrde i dokazivanja napredovanja, istra\u017eivanja, medicinskog ili estetsko-kozmeti\u010dkog zahvata uz poseban pismeni pristanak i dozvolu (pristanak) ili za uvjeravanje drugih pacijenata kandidata na medicinski zahvat su podaci u ovom obimu.<\/li><\/ul><ol start=\"2\"><li><strong>U koje svrhe obra\u0111ujemo va\u0161e li\u010dne podatke?<\/strong><\/li><\/ol><p>Va\u0161i li\u010dni i privatni li\u010dni podaci navedeni gore;<\/p><ul><li>Ispunjavanje zakonskih obaveza iz Osnovnog zakona o zdravstvenim uslugama br. 3359 i drugih zakona, uredbi, direktiva, saop\u0161tenja, cirkulara i drugih zvani\u010dnih propisa;<\/li><li>Za\u0161tita javnog zdravlja, preventivna medicina, medicinska dijagnostika, izvo\u0111enje usluga lije\u010denja i njege, planiranje i upravljanje zdravstvenim uslugama i financiranje;<\/li><li>Pru\u017eanje informacija o va\u0161em terminu ako zaka\u017eete termin;<\/li><li>Planiranje i vo\u0111enje unutra\u0161njeg rada Poliklinike A Plus,<\/li><li>Kreiranje obrazaca za pristanak, pra\u0107enje tretmana i obrazaca za informacije za na\u0161e pacijente i klijente, online ili na papiru,<\/li><li>Fakturiranje;<\/li><li>provjera va\u0161eg identiteta;<\/li><li>Va\u0161i prikupljeni li\u010dni podaci slu\u017ee za potrebe obavljanja prodajnih i postprodajnih aktivnosti podr\u0161ke, koje su predmet otkrivanja va\u0161ih li\u010dnih podataka nama, upravljanja zahtjevima pacijenata\/klijenta, upravljanja zadovoljstvom ili pritu\u017ebama, organizacije komunikacijskih aktivnosti od strane kreiranje ciljnih grupa, organizacija prodaje, kampanja i marketin\u0161kih aktivnosti specifi\u010dnih za korisnike \u010dlanskih brendova, a tako\u0111e i na\u0161e poslovne jedinice obavljaju neophodne poslove kako bi vam bili korisni od proizvoda i usluga koje nudi na\u0161a kompanija, prilago\u0111avanje proizvoda i usluga koje nudi na\u0161a Preduze\u0107e prema Va\u0161em ukusu, navikama kori\u0161\u0107enja i potrebama i preporuku Vam ih, Osiguranje pravne i komercijalne sigurnosti na\u0161e Kompanije i ljudi koji imaju poslovni odnos sa na\u0161om Kompanijom, a za potrebe utvr\u0111ivanja i implementacije poslovnih strategija, li\u010dni podaci uslovi obrade (i obrada i obrada u okviru svoje svrhe) navedeni u \u010dlanovima 5. i 6. Zakona br. 6698 mo\u017ee se prenijeti na);<\/li><li>Pra\u0107enje i sprje\u010davanje zloupotreba i neovla\u0161tenih transakcija;<\/li><li>Kako bismo mogli odgovoriti na sva va\u0161a pitanja i pritu\u017ebe na na\u0161e zdravstvene usluge;<\/li><li>Pru\u017eanje finansijskog usagla\u0161avanja sa ugovornim institucijama u vezi sa zdravstvenim uslugama koje vam se nude;<\/li><li>Odgovaranje na zahtjeve Ministarstva zdravlja i drugih javnih institucija i organizacija u skladu sa va\u017ee\u0107om zakonskom regulativom;<\/li><li>Mjerenje zadovoljstva pacijenata i pove\u0107anje zadovoljstva pacijenata nakon primanja zdravstvenih usluga;<\/li><li>U cilju pru\u017eanja informacija tu\u017eila\u0161tvima, sudovima i relevantnim dr\u017eavnim slu\u017ebenicima, na zahtjev iu skladu sa zakonskom regulativom, u vezi nabavke lijekova ili medicinskih sredstava, njihove namjene, koje se obra\u0111uju, evidentiraju, \u010duvaju, \u010duvaju, klasificiraju i u pitanja koja se odnose na javnu sigurnost i pravne sporove koji mogu nastati; po potrebi se mo\u017ee prenijeti na ovla\u0161tene javne ustanove i organizacije, laboratorije sa kojima sara\u0111ujemo za medicinsku dijagnostiku, web &amp; software digitalni marketing agenciju i CRM &amp; softverske kompanije, privatna osiguravaju\u0107a dru\u0161tva, advokatske kancelarije, finansijske savjetnike, u okviru gore navedenih svrhe.<\/li><\/ul><ol start=\"3\"><li><strong>Koje su metode prikupljanja va\u0161ih li\u010dnih podataka i pravni razlozi za to?<\/strong><\/li><\/ol><p>Va\u0161i li\u010dni podaci koji su gore pomenuti se moraju obraditi, pod uslovom da (i) su jasno propisani u zakonima navedenim u \u010dlanovima 5 i 6 Zakona br. 6698, (ii) da su direktno povezani sa uspostavljanjem ili izvr\u0161enjem ugovora , (iii) obavezan je za za\u0161titu \u017eivota ili fizi\u010dkog integriteta osobe ili druge osobe, koja nije u mogu\u0107nosti izraziti svoj pristanak zbog stvarne nemogu\u0107nosti ili \u010diji pristanak nije pravno priznat, (iv) obavezan je za podatke kontrolora da ispuni svoju zakonsku obavezu, (v) \u0161teti osnovnim pravima i slobodama doti\u010dne osobe.U okviru svrhe navedenih u ovom tekstu poja\u0161njenja, zbog \u010dinjenice da je to obavezno za legitimni interes kontrolora podataka, (vi) za\u0161titu javnog zdravlja, preventivnu medicinu, medicinsku dijagnozu, izvo\u0111enje usluga lije\u010denja i nege, planiranje i upravljanje zdravstvenim uslugama i finansiranje;<\/p><ul><li><strong>a)<\/strong>\u00a0Da se pridr\u017eavamo zakona i pravila po\u0161tenja,<\/li><li><strong>b)<\/strong>\u00a0Pod uslovom da je ta\u010dan i a\u017euran kada je to potrebno,<\/li><li><strong>c)<\/strong>\u00a0Za specifi\u010dne, eksplicitne i legitimne svrhe,<\/li><li><strong>D)<\/strong>\u00a0U vezi sa svrhom za koju se obra\u0111uju, ograni\u010davaju i mjere,<\/li><li><strong>do)<\/strong>\u00a0Obradit \u0107e se, snimati, pohranjivati, odr\u017eavati automatskim sredstvima (na primjer, snimci kamerom) ili neautomatskim sredstvima (na primjer, obrasci koje ste popunili) pod uvjetom da je dio bilo kojeg sistema za snimanje podataka, koji \u0107e se \u010duvati za period koji zahtijeva relevantno zakonodavstvo ili za svrhu za koju se obra\u0111uju, mogu se klasificirati i prenijeti.<\/li><\/ul><ol start=\"4\"><li><strong>Koja su va\u0161a prava u vezi sa obradom li\u010dnih podataka i kako mo\u017eete pristupiti tim pravima?<\/strong><\/li><\/ol><p>\u010clan 20. Ustava ka\u017ee da svako ima pravo da bude obave\u0161ten o li\u010dnim podacima koji ga se ti\u010du. U \u010dlanu 11. KVKK-a navedena su prava vlasnika li\u010dnih podataka u okviru zakona.<\/p><p>Svoje zahtjeve u vezi s va\u0161im pravima prema KVKK mo\u017eete podnijeti u pisanoj formi Poliklinici Afrodit u skladu sa \u010dlanom 5 na &quot;Saop\u0107enje o procedurama i principima primjene kontrolora podataka&quot; ili kontroloru podataka preporu\u010denom elektronskom po\u0161tom (KEP) adresu, siguran elektronski potpis, mobilni potpis ili kontrolora podataka.Mo\u017eete poslati koriste\u0107i e-mail adresu koja je prijavljena i registrovana u sistemu kontrolora podataka.<\/p><ol start=\"5\"><li>Poliklinika Plus Aesthetics, kao kontrolor podataka, obra\u0111uje li\u010dne podatke ograni\u010deno na sljede\u0107e grupe ljudi.<\/li><\/ol><ul><li>Na\u0161i radnici<\/li><li>Na\u0161i kandidati za radnike (uklju\u010duju\u0107i referentne osobe koje su prijavili kandidati za posao)<\/li><li>Na\u0161i pripravnici i pripravnici za obuku na poslu,<\/li><li>Na\u0161i pacijenti, na\u0161i klijenti<\/li><li>Osobe koje su intervjuisane i kontaktirane radi dijagnoze, lije\u010denja ili primanja takvih usluga,<\/li><li>Rodbina i pratioci pacijenta,<\/li><li>Strane bilo koje komercijalne djelatnosti ili osobe sa kojima sara\u0111ujemo ili \u0107emo sara\u0111ivati zbog komercijalne djelatnosti, ili ovla\u0161teni ili zaposleni u kompanijama (nabavka, ogla\u0161avanje, podr\u0161ka, marketing, smje\u0161taj, prijevoz, referentni resursi itd.)<\/li><li>dioni\u010dari ili lica sa kojima se vode pregovori o dioni\u010darstvu,<\/li><li>Na\u0161i pravni savetnici, advokati i konsultanti ili ovla\u0161\u0107eni ili zaposleni u konsultantskim kompanijama,<\/li><li>posjetitelja<\/li><li>Zakonski zastupnici, roditelji, staratelji ili staratelji svih subjekata podataka<\/li><li>Lica koja su stranke u pravnim postupcima i njihovi pravni zastupnici<\/li><li>Tre\u0107a lica sa kojima smo kontaktirali, iako nemaju komercijalne ili pravne veze sa na\u0161om kompanijom.<\/li><\/ul><div class=\"bgf sd-full-width clearfix\"><div><div class=\"vc_row wpb_row vc_row-fluid\"><div class=\"wpb_column vc_column_container vc_col-sm-12\"><div class=\"vc_column-inner\"><div class=\"wpb_wrapper\"><div class=\"wpb_text_column wpb_content_element  vc_custom_1608037094291\"><div class=\"wpb_wrapper\"><p><strong>Kontrolor podataka:\u00a0<\/strong>\u00a0Poliklinika Plus Aesthetics \u00a0<strong>Adresa:<\/strong>\u00a0Erenk\u00f6y Okrug Ulica Ethem Efendi Fehmi Ek\u015fio\u011flu Apartman No:90\/A Erenk\u00f6y \/ Istanbul<\/p><\/div><\/div><\/div><\/div><\/div><\/div><\/div><\/div><div class=\"web-footer hidden-xs\">\u00a0<\/div>\t\t\t\t\t\t\t\t<\/div>\n\t\t\t\t<\/div>\n\t\t\t\t\t<\/div>\n\t\t<\/div>\n\t\t\t\t\t<\/div>\n\t\t<\/section>\n\t\t\t\t<\/div>","protected":false},"excerpt":{"rendered":"<p>K\u0130\u015e\u0130SEL VER\u0130LER\u0130N KORUNMASI KANUNU KAPSAMINDA AYDINLATMA METN\u0130 A Plus Estetik \u00a0Poliklini\u011fi ki\u015fisel bilgilerinizin gizlili\u011finin korunmas\u0131na ve bununla ilgili t\u00fcm s\u00fcre\u00e7lere \u00f6nem vermektedir. A Plus Estetik Poliklini\u011fi olarak, 6698 say\u0131l\u0131 Ki\u015fisel Verilerin Korunmas\u0131 Kanunu uyar\u0131nca (\u201cKVKK\u201d), Veri Sorumlusu s\u0131fat\u0131yla KVKK kapsam\u0131ndaki ayd\u0131nlatma y\u00fck\u00fcml\u00fcl\u00fc\u011f\u00fcm\u00fcz \u00e7er\u00e7evesinde, hasta ve yak\u0131nlar\u0131m\u0131z\u0131n veri g\u00fcvenli\u011fini g\u00f6z \u00f6n\u00fcnde bulundurarak, \u00f6zel hayat\u0131n gizlili\u011fi, temel hak ve \u00f6zg\u00fcrl\u00fcklerin korunmas\u0131na verdi\u011fimiz \u00f6nem dolay\u0131s\u0131yla a\u015fa\u011f\u0131daki konularda sizleri bilgilendirmek istiyoruz. Hangi Ki\u015fisel Verilerinizi[&hellip;]<\/p>\n","protected":false},"author":1,"featured_media":0,"parent":0,"menu_order":5,"comment_status":"closed","ping_status":"closed","template":"","meta":{"_acf_changed":false,"footnotes":""},"class_list":["post-671","page","type-page","status-publish","hentry"],"acf":[],"yoast_head":"<!-- This site is optimized with the Yoast SEO Premium plugin v19.7 (Yoast SEO v27.3) - https:\/\/yoast.com\/product\/yoast-seo-premium-wordpress\/ -->\n<title>KVKK - Aplus Hair Transplant<\/title>\n<meta name=\"robots\" content=\"index, follow, max-snippet:-1, max-image-preview:large, max-video-preview:-1\" \/>\n<link rel=\"canonical\" href=\"https:\/\/aplushairtransplant.com\/bs_ba\/kvkk\/\" \/>\n<meta property=\"og:locale\" content=\"bs_BA\" \/>\n<meta property=\"og:type\" content=\"article\" \/>\n<meta property=\"og:title\" content=\"KVKK\" \/>\n<meta property=\"og:description\" content=\"K\u0130\u015e\u0130SEL VER\u0130LER\u0130N KORUNMASI KANUNU KAPSAMINDA AYDINLATMA METN\u0130 A Plus Estetik \u00a0Poliklini\u011fi ki\u015fisel bilgilerinizin gizlili\u011finin korunmas\u0131na ve bununla ilgili t\u00fcm s\u00fcre\u00e7lere \u00f6nem vermektedir. A Plus Estetik Poliklini\u011fi olarak, 6698 say\u0131l\u0131 Ki\u015fisel Verilerin Korunmas\u0131 Kanunu uyar\u0131nca (\u201cKVKK\u201d), Veri Sorumlusu s\u0131fat\u0131yla KVKK kapsam\u0131ndaki ayd\u0131nlatma y\u00fck\u00fcml\u00fcl\u00fc\u011f\u00fcm\u00fcz \u00e7er\u00e7evesinde, hasta ve yak\u0131nlar\u0131m\u0131z\u0131n veri g\u00fcvenli\u011fini g\u00f6z \u00f6n\u00fcnde bulundurarak, \u00f6zel hayat\u0131n gizlili\u011fi, temel hak ve \u00f6zg\u00fcrl\u00fcklerin korunmas\u0131na verdi\u011fimiz \u00f6nem dolay\u0131s\u0131yla a\u015fa\u011f\u0131daki konularda sizleri bilgilendirmek istiyoruz. Hangi Ki\u015fisel Verilerinizi[&hellip;]\" \/>\n<meta property=\"og:url\" content=\"https:\/\/aplushairtransplant.com\/bs_ba\/kvkk\/\" \/>\n<meta property=\"og:site_name\" content=\"Aplus Hair Transplant\" \/>\n<meta property=\"article:modified_time\" content=\"2023-01-19T10:56:46+00:00\" \/>\n<meta name=\"twitter:card\" content=\"summary_large_image\" \/>\n<meta name=\"twitter:label1\" content=\"Est. reading time\" \/>\n\t<meta name=\"twitter:data1\" content=\"8 minuta\" \/>\n<script type=\"application\/ld+json\" class=\"yoast-schema-graph\">{\"@context\":\"https:\\\/\\\/schema.org\",\"@graph\":[{\"@type\":\"WebPage\",\"@id\":\"https:\\\/\\\/aplushairtransplant.com\\\/tr\\\/kvkk\\\/\",\"url\":\"https:\\\/\\\/aplushairtransplant.com\\\/tr\\\/kvkk\\\/\",\"name\":\"KVKK - Aplus Hair Transplant\",\"isPartOf\":{\"@id\":\"https:\\\/\\\/lightgreen-beaver-954374.hostingersite.com\\\/tr\\\/#website\"},\"datePublished\":\"2023-01-19T10:54:41+00:00\",\"dateModified\":\"2023-01-19T10:56:46+00:00\",\"breadcrumb\":{\"@id\":\"https:\\\/\\\/aplushairtransplant.com\\\/tr\\\/kvkk\\\/#breadcrumb\"},\"inLanguage\":\"bs-BA\",\"potentialAction\":[{\"@type\":\"ReadAction\",\"target\":[\"https:\\\/\\\/aplushairtransplant.com\\\/tr\\\/kvkk\\\/\"]}]},{\"@type\":\"BreadcrumbList\",\"@id\":\"https:\\\/\\\/aplushairtransplant.com\\\/tr\\\/kvkk\\\/#breadcrumb\",\"itemListElement\":[{\"@type\":\"ListItem\",\"position\":1,\"name\":\"Anasayfa\",\"item\":\"https:\\\/\\\/lightgreen-beaver-954374.hostingersite.com\\\/tr\\\/\"},{\"@type\":\"ListItem\",\"position\":2,\"name\":\"KVKK\"}]},{\"@type\":\"WebSite\",\"@id\":\"https:\\\/\\\/lightgreen-beaver-954374.hostingersite.com\\\/tr\\\/#website\",\"url\":\"https:\\\/\\\/lightgreen-beaver-954374.hostingersite.com\\\/tr\\\/\",\"name\":\"Aplus Hair Transplant\",\"description\":\"\",\"publisher\":{\"@id\":\"https:\\\/\\\/lightgreen-beaver-954374.hostingersite.com\\\/tr\\\/#organization\"},\"alternateName\":\"Aplus Hair Transplant \u0130stanbul\",\"potentialAction\":[{\"@type\":\"SearchAction\",\"target\":{\"@type\":\"EntryPoint\",\"urlTemplate\":\"https:\\\/\\\/lightgreen-beaver-954374.hostingersite.com\\\/tr\\\/?s={search_term_string}\"},\"query-input\":{\"@type\":\"PropertyValueSpecification\",\"valueRequired\":true,\"valueName\":\"search_term_string\"}}],\"inLanguage\":\"bs-BA\"},{\"@type\":\"Organization\",\"@id\":\"https:\\\/\\\/lightgreen-beaver-954374.hostingersite.com\\\/tr\\\/#organization\",\"name\":\"Aplus Hair Transplant\",\"url\":\"https:\\\/\\\/lightgreen-beaver-954374.hostingersite.com\\\/tr\\\/\",\"logo\":{\"@type\":\"ImageObject\",\"inLanguage\":\"bs-BA\",\"@id\":\"https:\\\/\\\/lightgreen-beaver-954374.hostingersite.com\\\/tr\\\/#\\\/schema\\\/logo\\\/image\\\/\",\"url\":\"https:\\\/\\\/aplushairtransplant.com\\\/wp-content\\\/uploads\\\/2023\\\/01\\\/footer-logo.png\",\"contentUrl\":\"https:\\\/\\\/aplushairtransplant.com\\\/wp-content\\\/uploads\\\/2023\\\/01\\\/footer-logo.png\",\"width\":938,\"height\":938,\"caption\":\"Aplus Hair Transplant\"},\"image\":{\"@id\":\"https:\\\/\\\/lightgreen-beaver-954374.hostingersite.com\\\/tr\\\/#\\\/schema\\\/logo\\\/image\\\/\"}}]}<\/script>\n<!-- \/ Yoast SEO Premium plugin. -->","yoast_head_json":{"title":"KVKK - Aplus transplantacija kose","robots":{"index":"index","follow":"follow","max-snippet":"max-snippet:-1","max-image-preview":"max-image-preview:large","max-video-preview":"max-video-preview:-1"},"canonical":"https:\/\/aplushairtransplant.com\/bs_ba\/kvkk\/","og_locale":"bs_BA","og_type":"article","og_title":"KVKK","og_description":"K\u0130\u015e\u0130SEL VER\u0130LER\u0130N KORUNMASI KANUNU KAPSAMINDA AYDINLATMA METN\u0130 A Plus Estetik \u00a0Poliklini\u011fi ki\u015fisel bilgilerinizin gizlili\u011finin korunmas\u0131na ve bununla ilgili t\u00fcm s\u00fcre\u00e7lere \u00f6nem vermektedir. A Plus Estetik Poliklini\u011fi olarak, 6698 say\u0131l\u0131 Ki\u015fisel Verilerin Korunmas\u0131 Kanunu uyar\u0131nca (\u201cKVKK\u201d), Veri Sorumlusu s\u0131fat\u0131yla KVKK kapsam\u0131ndaki ayd\u0131nlatma y\u00fck\u00fcml\u00fcl\u00fc\u011f\u00fcm\u00fcz \u00e7er\u00e7evesinde, hasta ve yak\u0131nlar\u0131m\u0131z\u0131n veri g\u00fcvenli\u011fini g\u00f6z \u00f6n\u00fcnde bulundurarak, \u00f6zel hayat\u0131n gizlili\u011fi, temel hak ve \u00f6zg\u00fcrl\u00fcklerin korunmas\u0131na verdi\u011fimiz \u00f6nem dolay\u0131s\u0131yla a\u015fa\u011f\u0131daki konularda sizleri bilgilendirmek istiyoruz. Hangi Ki\u015fisel Verilerinizi[&hellip;]","og_url":"https:\/\/aplushairtransplant.com\/bs_ba\/kvkk\/","og_site_name":"Aplus Hair Transplant","article_modified_time":"2023-01-19T10:56:46+00:00","twitter_card":"summary_large_image","twitter_misc":{"Est. reading time":"8 minuta"},"schema":{"@context":"https:\/\/schema.org","@graph":[{"@type":"WebPage","@id":"https:\/\/aplushairtransplant.com\/tr\/kvkk\/","url":"https:\/\/aplushairtransplant.com\/tr\/kvkk\/","name":"KVKK - Aplus transplantacija kose","isPartOf":{"@id":"https:\/\/lightgreen-beaver-954374.hostingersite.com\/tr\/#website"},"datePublished":"2023-01-19T10:54:41+00:00","dateModified":"2023-01-19T10:56:46+00:00","breadcrumb":{"@id":"https:\/\/aplushairtransplant.com\/tr\/kvkk\/#breadcrumb"},"inLanguage":"bs-BA","potentialAction":[{"@type":"ReadAction","target":["https:\/\/aplushairtransplant.com\/tr\/kvkk\/"]}]},{"@type":"BreadcrumbList","@id":"https:\/\/aplushairtransplant.com\/tr\/kvkk\/#breadcrumb","itemListElement":[{"@type":"ListItem","position":1,"name":"Anasayfa","item":"https:\/\/lightgreen-beaver-954374.hostingersite.com\/tr\/"},{"@type":"ListItem","position":2,"name":"KVKK"}]},{"@type":"WebSite","@id":"https:\/\/lightgreen-beaver-954374.hostingersite.com\/tr\/#website","url":"https:\/\/lightgreen-beaver-954374.hostingersite.com\/tr\/","name":"Aplus transplantacija kose","description":"","publisher":{"@id":"https:\/\/lightgreen-beaver-954374.hostingersite.com\/tr\/#organization"},"alternateName":"Aplus Hair Transplant \u0130stanbul","potentialAction":[{"@type":"SearchAction","target":{"@type":"EntryPoint","urlTemplate":"https:\/\/lightgreen-beaver-954374.hostingersite.com\/tr\/?s={search_term_string}"},"query-input":{"@type":"PropertyValueSpecification","valueRequired":true,"valueName":"search_term_string"}}],"inLanguage":"bs-BA"},{"@type":"Organization","@id":"https:\/\/lightgreen-beaver-954374.hostingersite.com\/tr\/#organization","name":"Aplus transplantacija kose","url":"https:\/\/lightgreen-beaver-954374.hostingersite.com\/tr\/","logo":{"@type":"ImageObject","inLanguage":"bs-BA","@id":"https:\/\/lightgreen-beaver-954374.hostingersite.com\/tr\/#\/schema\/logo\/image\/","url":"https:\/\/aplushairtransplant.com\/wp-content\/uploads\/2023\/01\/footer-logo.png","contentUrl":"https:\/\/aplushairtransplant.com\/wp-content\/uploads\/2023\/01\/footer-logo.png","width":938,"height":938,"caption":"Aplus Hair Transplant"},"image":{"@id":"https:\/\/lightgreen-beaver-954374.hostingersite.com\/tr\/#\/schema\/logo\/image\/"}}]}},"_links":{"self":[{"href":"https:\/\/aplushairtransplant.com\/bs_ba\/wp-json\/wp\/v2\/pages\/671","targetHints":{"allow":["GET"]}}],"collection":[{"href":"https:\/\/aplushairtransplant.com\/bs_ba\/wp-json\/wp\/v2\/pages"}],"about":[{"href":"https:\/\/aplushairtransplant.com\/bs_ba\/wp-json\/wp\/v2\/types\/page"}],"author":[{"embeddable":true,"href":"https:\/\/aplushairtransplant.com\/bs_ba\/wp-json\/wp\/v2\/users\/1"}],"replies":[{"embeddable":true,"href":"https:\/\/aplushairtransplant.com\/bs_ba\/wp-json\/wp\/v2\/comments?post=671"}],"version-history":[{"count":0,"href":"https:\/\/aplushairtransplant.com\/bs_ba\/wp-json\/wp\/v2\/pages\/671\/revisions"}],"wp:attachment":[{"href":"https:\/\/aplushairtransplant.com\/bs_ba\/wp-json\/wp\/v2\/media?parent=671"}],"curies":[{"name":"wp","href":"https:\/\/api.w.org\/{rel}","templated":true}]}}