{"id":671,"date":"2023-01-19T10:54:41","date_gmt":"2023-01-19T10:54:41","guid":{"rendered":"https:\/\/aplushairtransplant.com\/?page_id=671"},"modified":"2023-01-19T10:56:46","modified_gmt":"2023-01-19T10:56:46","slug":"kvkk","status":"publish","type":"page","link":"https:\/\/aplushairtransplant.com\/tr\/kvkk\/","title":{"rendered":"KVKK"},"content":{"rendered":"\t\t<div data-elementor-type=\"wp-page\" data-elementor-id=\"671\" class=\"elementor elementor-671\">\n\t\t\t\t\t\t<section class=\"elementor-section elementor-top-section elementor-element elementor-element-0aae4f3 elementor-section-stretched thsn-col-stretched-none thsn-bg-color-over-image elementor-section-boxed elementor-section-height-default elementor-section-height-default\" data-id=\"0aae4f3\" data-element_type=\"section\" data-e-type=\"section\" data-settings=\"{&quot;stretch_section&quot;:&quot;section-stretched&quot;}\">\n\t\t\t\t\t\t<div class=\"elementor-container elementor-column-gap-default\">\n\t\t\t\t\t<div class=\"elementor-column elementor-col-100 elementor-top-column elementor-element elementor-element-fe75053 thsn-bg-color-over-image\" data-id=\"fe75053\" data-element_type=\"column\" data-e-type=\"column\">\n\t\t\t<div class=\"elementor-widget-wrap elementor-element-populated\">\n\t\t\t\t\t\t<div class=\"elementor-element elementor-element-3a1a773 elementor-widget elementor-widget-text-editor\" data-id=\"3a1a773\" data-element_type=\"widget\" data-e-type=\"widget\" data-widget_type=\"text-editor.default\">\n\t\t\t\t<div class=\"elementor-widget-container\">\n\t\t\t\t\t\t\t\t\t<p><strong>K\u0130\u015e\u0130SEL VER\u0130LER\u0130N KORUNMASI KANUNU KAPSAMINDA AYDINLATMA METN\u0130<\/strong><\/p><p>A Plus Estetik \u00a0Poliklini\u011fi ki\u015fisel bilgilerinizin gizlili\u011finin korunmas\u0131na ve bununla ilgili t\u00fcm s\u00fcre\u00e7lere \u00f6nem vermektedir.<\/p><p>A Plus Estetik Poliklini\u011fi olarak, 6698 say\u0131l\u0131 Ki\u015fisel Verilerin Korunmas\u0131 Kanunu uyar\u0131nca (\u201cKVKK\u201d), Veri Sorumlusu s\u0131fat\u0131yla KVKK kapsam\u0131ndaki ayd\u0131nlatma y\u00fck\u00fcml\u00fcl\u00fc\u011f\u00fcm\u00fcz \u00e7er\u00e7evesinde, hasta ve yak\u0131nlar\u0131m\u0131z\u0131n veri g\u00fcvenli\u011fini g\u00f6z \u00f6n\u00fcnde bulundurarak, \u00f6zel hayat\u0131n gizlili\u011fi, temel hak ve \u00f6zg\u00fcrl\u00fcklerin korunmas\u0131na verdi\u011fimiz \u00f6nem dolay\u0131s\u0131yla a\u015fa\u011f\u0131daki konularda sizleri bilgilendirmek istiyoruz.<\/p><ol><li><strong>Hangi Ki\u015fisel Verilerinizi \u0130\u015fliyoruz?<\/strong><\/li><\/ol><p>Hastalar\u0131m\u0131za\/Dan\u0131\u015fanlar\u0131m\u0131za sa\u011fl\u0131k hizmeti sunmak i\u00e7in \u00e7e\u015fitli ki\u015fisel verileri KVKK ve di\u011fer ilgili mevzuat kapsam\u0131nda yer alan ilke ve \u015fartlara uygun olarak toplamaktay\u0131z. Hastalar\u0131m\u0131za\/Dan\u0131\u015fanlar\u0131m\u0131za sa\u011fl\u0131k hizmeti sunmak i\u00e7in a\u015fa\u011f\u0131daki veriler poliklini\u011fimiz \u00a0taraf\u0131ndan hastalar\u0131m\u0131zdan, t\u0131bbi te\u015fhis, kons\u00fcltasyon, muayene, tedavi ve bak\u0131m hizmetlerinin y\u00fcr\u00fct\u00fclmesi amac\u0131yla di\u011fer sa\u011fl\u0131k kurum ve kurulu\u015flar\u0131ndan veya hasta yak\u0131nlar\u0131ndan toplanmaktad\u0131r:<\/p><ul><li>Ad\u0131n\u0131z, soyad\u0131n\u0131z, T.C. kimlik bilgileriniz, pasaport numaran\u0131z, do\u011fum yeri ve tarihiniz,<\/li><li>Cinsiyetiniz ve medeni haliniz,<\/li><li>Adresiniz, Telefon numaran\u0131z, e-posta adresiniz<\/li><li>Hasta protokol numaran\u0131z ve sizi tan\u0131mlayabilece\u011fimiz di\u011fer kimlik verileriniz,<\/li><li>T\u0131bbi bir m\u00fcdahale durumunda verebilece\u011finiz onam formunda belirtilen verileriniz,<\/li><li>Sa\u011fl\u0131k hizmetlerinin finansman\u0131 ve planlamas\u0131 amac\u0131yla \u00f6zel sa\u011fl\u0131k sigortas\u0131 veya Sosyal G\u00fcvenlik Kurumu verileriniz,<\/li><li>Sosyal G\u00fcvenlik Kurumu taraf\u0131ndan finanse edilen hizmetler kapsam\u0131nda biyometrik verileriniz,<\/li><li>T\u00fcm t\u0131bbi te\u015fhis, muayene, tedavi ve bak\u0131m hizmetlerinin y\u00fcr\u00fct\u00fclmesi s\u0131ras\u0131nda elde edilen ki\u015fisel sa\u011fl\u0131k verisi ba\u015fta olmak \u00fczere genel ve \u00f6zel nitelikli ki\u015fisel verileriniz \u00f6rne\u011fin laboratuvar sonu\u00e7lar\u0131n\u0131z, test sonu\u00e7lar\u0131n\u0131z, muayene verileriniz, check-up bilgileriniz, re\u00e7ete bilgileriniz,<\/li><li>A Plus Estetik Poliklini\u011fi ziyaretiniz s\u0131ras\u0131nda kapal\u0131 devre kamera sistemi g\u00f6r\u00fcnt\u00fc ve kayd\u0131n\u0131z, ses kayd\u0131n\u0131z,<\/li><li>Anket, \u00f6neri, te\u015fekk\u00fcr ve \u015fikayet verileriniz, e-posta, web sitesi ileti\u015fim formu, \u00e7a\u011fr\u0131 merkezi ile bize ula\u015ft\u0131\u011f\u0131n\u0131zda ses kayd\u0131n\u0131z ve di\u011fer sair kanallar ile ula\u015ft\u0131\u011f\u0131n\u0131zda payla\u015ft\u0131\u011f\u0131n\u0131z di\u011fer verileriniz.<\/li><li>T\u00fcm telefon g\u00f6r\u00fc\u015fmeleri, \u00e7a\u011fr\u0131 merkezimiz ile ileti\u015fime ge\u00e7ti\u011finiz takdirde tutulan sesli g\u00f6r\u00fc\u015fme kay\u0131tlar\u0131,<\/li><li>\u00d6zel yaz\u0131l\u0131 r\u0131za ve izin(onam) ile tan\u0131t\u0131m, ara\u015ft\u0131rma, t\u0131bbi ya da estetik\/kozmetik i\u015flemin yap\u0131ld\u0131\u011f\u0131n\u0131n teyit ve kan\u0131t\u0131na dair veya ba\u015fka hasta adaylar\u0131n\u0131n t\u0131bbi i\u015fleme ikna amac\u0131yla foto\u011fraf veya video kayd\u0131na al\u0131nan ki\u015fi verileri bu kapsamdaki verilerdir.<\/li><\/ul><ol start=\"2\"><li><strong>Ki\u015fisel Verilerinizi Hangi Ama\u00e7larla \u0130\u015fliyoruz?<\/strong><\/li><\/ol><p>Yukar\u0131da yer alan Ki\u015fisel ve \u00d6zel Nitelikli Ki\u015fisel Verileriniz;<\/p><ul><li>3359 say\u0131l\u0131 Sa\u011fl\u0131k Hizmetleri Temel Kanunu ve di\u011fer kanunlar , y\u00f6netmelikler, y\u00f6nergeler, tebli\u011fler ,genelgeler ve di\u011fer resmi d\u00fczenlemelerde yer alan hukuki y\u00fck\u00fcml\u00fcl\u00fckleri yerine getirme;<\/li><li>Kamu sa\u011fl\u0131\u011f\u0131n\u0131n korunmas\u0131, koruyucu hekimlik, t\u0131bb\u00ee te\u015fhis, tedavi ve bak\u0131m hizmetlerinin y\u00fcr\u00fct\u00fclmesi, sa\u011fl\u0131k hizmetleri ile finansman\u0131n\u0131n planlanmas\u0131 ve y\u00f6netimi;<\/li><li>Randevu ald\u0131\u011f\u0131n\u0131z takdirde randevunuza ili\u015fkin size bilgi sa\u011flama;<\/li><li>A Plus Poliklini\u011fi\u2019nin i\u00e7 i\u015fleyi\u015fini planlanma ve y\u00f6netme,<\/li><li>Hastalar\u0131m\u0131z\u0131n ve Dan\u0131\u015fanlar\u0131m\u0131z\u0131n, online olarak ya da ka\u011f\u0131t \u00fczerinde onam formlar\u0131, tedavi takibi ve bilgi formlar\u0131n\u0131n olu\u015fturulmas\u0131,<\/li><li>Faturaland\u0131rma yap\u0131lmas\u0131;<\/li><li>Kimli\u011finizin do\u011frulanmas\u0131;<\/li><li>Toplanan ki\u015fisel verileriniz, ki\u015fisel verilerinizi bizlere a\u00e7\u0131klaman\u0131za konu olan sat\u0131\u015f ve sat\u0131\u015f sonras\u0131 destek faaliyetlerinin ger\u00e7ekle\u015ftirilmesi, hasta\/dan\u0131\u015fan taleplerinin y\u00f6netimi, memnuniyet veya \u015fikayet y\u00f6netimi, hedef gruplar\u0131 olu\u015fturularak ileti\u015fim faaliyetlerinin d\u00fczenlenmesi, \u00fcye markalar\u0131n kullan\u0131c\u0131lara \u00f6zel sat\u0131\u015f, kampanya ve pazarlama faaliyetleri d\u00fczenlemesi ama\u00e7lar\u0131yla ve ayr\u0131ca \u015eirketimiz taraf\u0131ndan sunulan \u00fcr\u00fcn ve hizmetlerden sizleri faydaland\u0131rmak i\u00e7in gerekli \u00e7al\u0131\u015fmalar\u0131n i\u015f birimlerimiz taraf\u0131ndan yap\u0131lmas\u0131, \u015eirketimiz taraf\u0131ndan sunulan \u00fcr\u00fcn ve hizmetlerin sizlerin be\u011feni, kullan\u0131m al\u0131\u015fkanl\u0131klar\u0131 ve ihtiya\u00e7lar\u0131na g\u00f6re \u00f6zelle\u015ftirilerek sizlere \u00f6nerilmesi, \u015eirketimizin ve \u015eirketimizle i\u015f ili\u015fkisi i\u00e7erisinde olan ki\u015filerin hukuki ve ticari g\u00fcvenli\u011finin temini, \u015eirketimizin ticari ve i\u015f stratejilerinin belirlenmesi ve uygulanmas\u0131 ama\u00e7lar\u0131yla 6698 say\u0131l\u0131 Kanun\u2019un 5. ve 6. maddelerinde belirtilen ki\u015fisel veri i\u015fleme \u015fartlar\u0131 (ve ama\u00e7lar\u0131 dahilinde i\u015flenmesi ve i\u015flenmesi i\u00e7in aktar\u0131labilmektedir);<\/li><li>Suiistimal ve yetkisiz i\u015flemlerin izlenmesi ve engellenmesi;<\/li><li>Sa\u011fl\u0131k hizmetlerimize ili\u015fkin her t\u00fcrl\u00fc soru ve \u015fik\u00e2yetinize cevap verebilme;<\/li><li>Anla\u015fmal\u0131 kurumlarla size sunulan sa\u011fl\u0131k hizmetlerine ili\u015fkin finansal mutabakat sa\u011flanmas\u0131;<\/li><li>Uygulanan mevzuat uyar\u0131nca Sa\u011fl\u0131k Bakanl\u0131\u011f\u0131 ve di\u011fer kamu kurum ve kurulu\u015flar\u0131n\u0131n taleplerine yan\u0131t verme;<\/li><li>Sa\u011fl\u0131k hizmetleri alman\u0131z\u0131 takiben hasta memnuniyetinin \u00f6l\u00e7\u00fclmesi ve hasta memnuniyetinin art\u0131r\u0131lmas\u0131;<\/li><li>\u0130la\u00e7 veya t\u0131bbi cihaz temini, ama\u00e7lar\u0131 ile i\u015flenecek, kaydedilecek, depolanacak, muhafaza edilecek, s\u0131n\u0131fland\u0131r\u0131lacak ve kamu g\u00fcvenli\u011fine ili\u015fkin hususlarda ve do\u011fabilecek hukuki uyu\u015fmazl\u0131klarda, talep halinde ve mevzuat gere\u011fi savc\u0131l\u0131klara, mahkemelere ve ilgili kamu g\u00f6revlilerine bilgi verebilmek i\u00e7in; gerekti\u011finde yukar\u0131da belirtti\u011fimiz ama\u00e7lar dahilinde yetkili kamu kurum ve kurulu\u015flar\u0131na, t\u0131bbi te\u015fhis i\u00e7in i\u015f birli\u011fi i\u00e7erisinde oldu\u011fumuz laboratuvarlara, web&amp;yaz\u0131l\u0131m dijital marketing ajans ve CRM&amp;yaz\u0131l\u0131m \u015firketlerine, \u00f6zel sigorta \u015firketlerine, avukatl\u0131k b\u00fcrolar\u0131na, mali m\u00fc\u015favirlere aktar\u0131labilecektir.<\/li><\/ul><ol start=\"3\"><li><strong>Ki\u015fisel Verilerinizin Toplanma Y\u00f6ntemleri Ve Bunlara \u0130li\u015fkin Hukuki Sebepler Nelerdir?<\/strong><\/li><\/ol><p>Yukar\u0131da belirtilen ki\u015fisel verileriniz 6698 say\u0131l\u0131 Kanun\u2019un 5. ve 6. maddelerinde belirtilen (i) kanunlarda a\u00e7\u0131k\u00e7a \u00f6ng\u00f6r\u00fclm\u00fc\u015f olmas\u0131, (ii) bir s\u00f6zle\u015fmenin kurulmas\u0131 veya ifas\u0131yla do\u011frudan do\u011fruya ilgili olmas\u0131 kayd\u0131yla, s\u00f6zle\u015fmenin taraflar\u0131na ait ki\u015fisel verilerin i\u015flenmesinin gerekli olmas\u0131, (iii) Fiili imk\u00e2ns\u0131zl\u0131k nedeniyle r\u0131zas\u0131n\u0131 a\u00e7\u0131klayamayacak durumda bulunan veya r\u0131zas\u0131na hukuki ge\u00e7erlilik tan\u0131nmayan ki\u015finin kendisinin ya da bir ba\u015fkas\u0131n\u0131n hayat\u0131 veya beden b\u00fct\u00fcnl\u00fc\u011f\u00fcn\u00fcn korunmas\u0131 i\u00e7in zorunlu olmas\u0131, (iv) veri sorumlusunun hukuki y\u00fck\u00fcml\u00fcl\u00fc\u011f\u00fcn\u00fc yerine getirebilmesi i\u00e7in zorunlu olmas\u0131, (v) ilgili ki\u015finin temel hak ve \u00f6zg\u00fcrl\u00fcklerine zarar vermemek kayd\u0131yla veri sorumlusunun me\u015fru menfaati i\u00e7in zorunlu olmas\u0131, (vi) kamu sa\u011fl\u0131\u011f\u0131n\u0131n korunmas\u0131, koruyucu hekimlik, t\u0131bb\u00ee te\u015fhis, tedavi ve bak\u0131m hizmetlerinin y\u00fcr\u00fct\u00fclmesi, sa\u011fl\u0131k hizmetleri ile finansman\u0131n\u0131n planlanmas\u0131 ve y\u00f6netimi sebepleriyle i\u015fbu Ayd\u0131nlatma Metninde belirtilen ama\u00e7lar kapsam\u0131nda;<\/p><ul><li><strong>a)<\/strong>\u00a0Hukuka ve d\u00fcr\u00fcstl\u00fck kurallar\u0131na uygun olmak,<\/li><li><strong>b)<\/strong>\u00a0Do\u011fru ve gerekti\u011finde g\u00fcncel olmak kayd\u0131yla,<\/li><li><strong>c)<\/strong>\u00a0Belirli, a\u00e7\u0131k ve me\u015fru ama\u00e7lar ile,<\/li><li><strong>d)<\/strong>\u00a0\u0130\u015flendikleri ama\u00e7la ba\u011flant\u0131l\u0131, s\u0131n\u0131rl\u0131 ve \u00f6l\u00e7\u00fcl\u00fc olarak,<\/li><li><strong>e)<\/strong>\u00a0\u0130lgili mevzuatta \u00f6ng\u00f6r\u00fclen veya i\u015flendikleri ama\u00e7 i\u00e7in gerekli olan s\u00fcre kadar muhafaza edilmek \u00fczere otomatik olan (\u00f6rne\u011fin, kamera kay\u0131tlar\u0131) ya da herhangi bir veri kay\u0131t sisteminin par\u00e7as\u0131 olmak kayd\u0131yla otomatik olmayan yollarla (\u00f6rne\u011fin, taraf\u0131n\u0131zdan doldurulan formlar) i\u015flenecek, kaydedilecek, depolanacak, muhafaza edilecek, s\u0131n\u0131fland\u0131r\u0131lacak ve aktar\u0131labilecektir.<\/li><\/ul><ol start=\"4\"><li><strong>Ki\u015fisel Verilerin \u0130\u015flenmesine Dair Haklar\u0131n\u0131z Nelerdir ve Bu Haklara Nas\u0131l Eri\u015febilirsiniz?<\/strong><\/li><\/ol><p>Anayasa\u2019n\u0131n 20. maddesinde herkesin, kendisiyle ilgili ki\u015fisel veriler hakk\u0131nda bilgilendirilme hakk\u0131na sahip oldu\u011fu ortaya konulmu\u015ftur. KVKK\u2019n\u0131n 11. maddesinde ki\u015fisel veri sahibinin kanun kapsam\u0131ndaki haklar\u0131 say\u0131lm\u0131\u015ft\u0131r.<\/p><p>KVKK kapsam\u0131ndaki haklar\u0131n\u0131za ili\u015fkin taleplerinizi \u201cVeri Sorumlusuna Ba\u015fvuru Usul ve Esaslar\u0131 Hakk\u0131nda Tebli\u011f\u201d Madde 5\u2019e \u00d6zel Afrodit Poliklini\u011fi\u2019ne yaz\u0131l\u0131 olarak veya kay\u0131tl\u0131 elektronik posta (KEP) adresi, g\u00fcvenli elektronik imza, mobil imza ya da ilgili ki\u015fi taraf\u0131ndan veri sorumlusuna daha \u00f6nce bildirilen ve veri sorumlusunun sisteminde kay\u0131tl\u0131 bulunan elektronik posta adresini kullanmak suretiyle iletebilirsiniz.<\/p><ol start=\"5\"><li>A Plus Estetik Poliklini\u011fi, veri sorumlusu s\u0131fat\u0131yla, a\u015fa\u011f\u0131daki ki\u015fi gruplar\u0131 ile s\u0131n\u0131rl\u0131 olarak ki\u015fisel verileri i\u015flemektedir.<\/li><\/ol><ul><li>\u0130\u015f\u00e7ilerimiz,<\/li><li>\u0130\u015f\u00e7i Adaylar\u0131m\u0131z(\u0130\u015f ba\u015fvurusu yapanlar\u0131n deklare etti\u011fi referans ki\u015fileri dahil)<\/li><li>Stajyerlerimiz ve \u0130\u015fba\u015f\u0131 E\u011fitimi Kursiyerlerimiz,<\/li><li>Hastalar\u0131m\u0131z, Dan\u0131\u015fanlar\u0131m\u0131z<\/li><li>Te\u015fhis, tedavi ya da bu t\u00fcrden bir hizmet almak amac\u0131yla g\u00f6r\u00fc\u015fme yap\u0131lan, ileti\u015fim kurulan ki\u015filer,<\/li><li>Hasta yak\u0131n\u0131 ve refakat\u00e7iler,<\/li><li>Her t\u00fcrl\u00fc ticari faaliyetin taraflar\u0131 veya ticari faaliyet gere\u011fi i\u015fbirli\u011fi yapt\u0131\u011f\u0131m\u0131z veya yapaca\u011f\u0131m\u0131z ki\u015filer veya \u015firketlerin yetkili yada \u00e7al\u0131\u015fanlar\u0131(Tedarik, reklam, destek, pazarlama, konaklama, ula\u015f\u0131m, referans kaynaklar\u0131 vb.)<\/li><li>Hissedarlar veya hissedarl\u0131k g\u00f6r\u00fc\u015fmesi yap\u0131lan ki\u015filer,<\/li><li>Yasal M\u00fc\u015favir, Avukat ve Dan\u0131\u015fmanlar\u0131m\u0131z ya da dan\u0131\u015fmanl\u0131k \u015firketlerinin yetkili ya da \u00e7al\u0131\u015fanlar\u0131,<\/li><li>Ziyaret\u00e7iler<\/li><li>T\u00fcm veri sahiplerinin kanuni temsilcileri, ebeveynler, veli veya vasileri<\/li><li>Hukuki s\u00fcre\u00e7lerde taraf konumunda olan ki\u015filer ve bunlar\u0131n yasal temsilcileri<\/li><li>\u015eirketimizle ticari veya hukuksal ba\u011flant\u0131s\u0131 olmad\u0131\u011f\u0131 halde ileti\u015fime ge\u00e7mi\u015f oldu\u011fumuz 3.ki\u015filer.<\/li><\/ul><div class=\"bgf sd-full-width clearfix\"><div><div class=\"vc_row wpb_row vc_row-fluid\"><div class=\"wpb_column vc_column_container vc_col-sm-12\"><div class=\"vc_column-inner\"><div class=\"wpb_wrapper\"><div class=\"wpb_text_column wpb_content_element  vc_custom_1608037094291\"><div class=\"wpb_wrapper\"><p><strong>Veri Sorumlusu:\u00a0<\/strong>\u00a0A Plus Estetik Poliklini\u011fi \u00a0<strong>Adres:<\/strong>\u00a0Erenk\u00f6y Mahallesi Ethem Efendi Caddesi Fehmi Ek\u015fio\u011flu Apartman\u0131 No:90\/A Erenk\u00f6y \/ \u0130stanbul<\/p><\/div><\/div><\/div><\/div><\/div><\/div><\/div><\/div><div class=\"web-footer hidden-xs\">\u00a0<\/div>\t\t\t\t\t\t\t\t<\/div>\n\t\t\t\t<\/div>\n\t\t\t\t\t<\/div>\n\t\t<\/div>\n\t\t\t\t\t<\/div>\n\t\t<\/section>\n\t\t\t\t<\/div>\n\t\t","protected":false},"excerpt":{"rendered":"<p>K\u0130\u015e\u0130SEL VER\u0130LER\u0130N KORUNMASI KANUNU KAPSAMINDA AYDINLATMA METN\u0130 A Plus Estetik \u00a0Poliklini\u011fi ki\u015fisel bilgilerinizin gizlili\u011finin korunmas\u0131na ve bununla ilgili t\u00fcm s\u00fcre\u00e7lere \u00f6nem vermektedir. A Plus Estetik Poliklini\u011fi olarak, 6698 say\u0131l\u0131 Ki\u015fisel Verilerin Korunmas\u0131 Kanunu uyar\u0131nca (\u201cKVKK\u201d), Veri Sorumlusu s\u0131fat\u0131yla KVKK kapsam\u0131ndaki ayd\u0131nlatma y\u00fck\u00fcml\u00fcl\u00fc\u011f\u00fcm\u00fcz \u00e7er\u00e7evesinde, hasta ve yak\u0131nlar\u0131m\u0131z\u0131n veri g\u00fcvenli\u011fini g\u00f6z \u00f6n\u00fcnde bulundurarak, \u00f6zel hayat\u0131n gizlili\u011fi, temel hak ve \u00f6zg\u00fcrl\u00fcklerin korunmas\u0131na verdi\u011fimiz \u00f6nem dolay\u0131s\u0131yla a\u015fa\u011f\u0131daki konularda sizleri bilgilendirmek istiyoruz. Hangi Ki\u015fisel Verilerinizi[&hellip;]<\/p>\n","protected":false},"author":1,"featured_media":0,"parent":0,"menu_order":5,"comment_status":"closed","ping_status":"closed","template":"","meta":{"_acf_changed":false,"footnotes":""},"class_list":["post-671","page","type-page","status-publish","hentry"],"acf":[],"yoast_head":"<!-- This site is optimized with the Yoast SEO Premium plugin v19.7 (Yoast SEO v27.3) - https:\/\/yoast.com\/product\/yoast-seo-premium-wordpress\/ -->\n<title>KVKK - Aplus Hair Transplant<\/title>\n<meta name=\"robots\" content=\"index, follow, max-snippet:-1, max-image-preview:large, max-video-preview:-1\" \/>\n<link rel=\"canonical\" href=\"https:\/\/aplushairtransplant.com\/tr\/kvkk\/\" \/>\n<meta property=\"og:locale\" content=\"tr_TR\" \/>\n<meta property=\"og:type\" content=\"article\" \/>\n<meta property=\"og:title\" content=\"KVKK\" \/>\n<meta property=\"og:description\" content=\"K\u0130\u015e\u0130SEL VER\u0130LER\u0130N KORUNMASI KANUNU KAPSAMINDA AYDINLATMA METN\u0130 A Plus Estetik \u00a0Poliklini\u011fi ki\u015fisel bilgilerinizin gizlili\u011finin korunmas\u0131na ve bununla ilgili t\u00fcm s\u00fcre\u00e7lere \u00f6nem vermektedir. A Plus Estetik Poliklini\u011fi olarak, 6698 say\u0131l\u0131 Ki\u015fisel Verilerin Korunmas\u0131 Kanunu uyar\u0131nca (\u201cKVKK\u201d), Veri Sorumlusu s\u0131fat\u0131yla KVKK kapsam\u0131ndaki ayd\u0131nlatma y\u00fck\u00fcml\u00fcl\u00fc\u011f\u00fcm\u00fcz \u00e7er\u00e7evesinde, hasta ve yak\u0131nlar\u0131m\u0131z\u0131n veri g\u00fcvenli\u011fini g\u00f6z \u00f6n\u00fcnde bulundurarak, \u00f6zel hayat\u0131n gizlili\u011fi, temel hak ve \u00f6zg\u00fcrl\u00fcklerin korunmas\u0131na verdi\u011fimiz \u00f6nem dolay\u0131s\u0131yla a\u015fa\u011f\u0131daki konularda sizleri bilgilendirmek istiyoruz. Hangi Ki\u015fisel Verilerinizi[&hellip;]\" \/>\n<meta property=\"og:url\" content=\"https:\/\/aplushairtransplant.com\/tr\/kvkk\/\" \/>\n<meta property=\"og:site_name\" content=\"Aplus Hair Transplant\" \/>\n<meta property=\"article:modified_time\" content=\"2023-01-19T10:56:46+00:00\" \/>\n<meta name=\"twitter:card\" content=\"summary_large_image\" \/>\n<meta name=\"twitter:label1\" content=\"Tahmini okuma s\u00fcresi\" \/>\n\t<meta name=\"twitter:data1\" content=\"8 dakika\" \/>\n<script type=\"application\/ld+json\" class=\"yoast-schema-graph\">{\"@context\":\"https:\\\/\\\/schema.org\",\"@graph\":[{\"@type\":\"WebPage\",\"@id\":\"https:\\\/\\\/aplushairtransplant.com\\\/tr\\\/kvkk\\\/\",\"url\":\"https:\\\/\\\/aplushairtransplant.com\\\/tr\\\/kvkk\\\/\",\"name\":\"KVKK - Aplus Hair Transplant\",\"isPartOf\":{\"@id\":\"https:\\\/\\\/lightgreen-beaver-954374.hostingersite.com\\\/tr\\\/#website\"},\"datePublished\":\"2023-01-19T10:54:41+00:00\",\"dateModified\":\"2023-01-19T10:56:46+00:00\",\"breadcrumb\":{\"@id\":\"https:\\\/\\\/aplushairtransplant.com\\\/tr\\\/kvkk\\\/#breadcrumb\"},\"inLanguage\":\"tr\",\"potentialAction\":[{\"@type\":\"ReadAction\",\"target\":[\"https:\\\/\\\/aplushairtransplant.com\\\/tr\\\/kvkk\\\/\"]}]},{\"@type\":\"BreadcrumbList\",\"@id\":\"https:\\\/\\\/aplushairtransplant.com\\\/tr\\\/kvkk\\\/#breadcrumb\",\"itemListElement\":[{\"@type\":\"ListItem\",\"position\":1,\"name\":\"Anasayfa\",\"item\":\"https:\\\/\\\/lightgreen-beaver-954374.hostingersite.com\\\/tr\\\/\"},{\"@type\":\"ListItem\",\"position\":2,\"name\":\"KVKK\"}]},{\"@type\":\"WebSite\",\"@id\":\"https:\\\/\\\/lightgreen-beaver-954374.hostingersite.com\\\/tr\\\/#website\",\"url\":\"https:\\\/\\\/lightgreen-beaver-954374.hostingersite.com\\\/tr\\\/\",\"name\":\"Aplus Hair Transplant\",\"description\":\"\",\"publisher\":{\"@id\":\"https:\\\/\\\/lightgreen-beaver-954374.hostingersite.com\\\/tr\\\/#organization\"},\"alternateName\":\"Aplus Hair Transplant \u0130stanbul\",\"potentialAction\":[{\"@type\":\"SearchAction\",\"target\":{\"@type\":\"EntryPoint\",\"urlTemplate\":\"https:\\\/\\\/lightgreen-beaver-954374.hostingersite.com\\\/tr\\\/?s={search_term_string}\"},\"query-input\":{\"@type\":\"PropertyValueSpecification\",\"valueRequired\":true,\"valueName\":\"search_term_string\"}}],\"inLanguage\":\"tr\"},{\"@type\":\"Organization\",\"@id\":\"https:\\\/\\\/lightgreen-beaver-954374.hostingersite.com\\\/tr\\\/#organization\",\"name\":\"Aplus Hair Transplant\",\"url\":\"https:\\\/\\\/lightgreen-beaver-954374.hostingersite.com\\\/tr\\\/\",\"logo\":{\"@type\":\"ImageObject\",\"inLanguage\":\"tr\",\"@id\":\"https:\\\/\\\/lightgreen-beaver-954374.hostingersite.com\\\/tr\\\/#\\\/schema\\\/logo\\\/image\\\/\",\"url\":\"https:\\\/\\\/aplushairtransplant.com\\\/wp-content\\\/uploads\\\/2023\\\/01\\\/footer-logo.png\",\"contentUrl\":\"https:\\\/\\\/aplushairtransplant.com\\\/wp-content\\\/uploads\\\/2023\\\/01\\\/footer-logo.png\",\"width\":938,\"height\":938,\"caption\":\"Aplus Hair Transplant\"},\"image\":{\"@id\":\"https:\\\/\\\/lightgreen-beaver-954374.hostingersite.com\\\/tr\\\/#\\\/schema\\\/logo\\\/image\\\/\"}}]}<\/script>\n<!-- \/ Yoast SEO Premium plugin. -->","yoast_head_json":{"title":"KVKK - Aplus Hair Transplant","robots":{"index":"index","follow":"follow","max-snippet":"max-snippet:-1","max-image-preview":"max-image-preview:large","max-video-preview":"max-video-preview:-1"},"canonical":"https:\/\/aplushairtransplant.com\/tr\/kvkk\/","og_locale":"tr_TR","og_type":"article","og_title":"KVKK","og_description":"K\u0130\u015e\u0130SEL VER\u0130LER\u0130N KORUNMASI KANUNU KAPSAMINDA AYDINLATMA METN\u0130 A Plus Estetik \u00a0Poliklini\u011fi ki\u015fisel bilgilerinizin gizlili\u011finin korunmas\u0131na ve bununla ilgili t\u00fcm s\u00fcre\u00e7lere \u00f6nem vermektedir. A Plus Estetik Poliklini\u011fi olarak, 6698 say\u0131l\u0131 Ki\u015fisel Verilerin Korunmas\u0131 Kanunu uyar\u0131nca (\u201cKVKK\u201d), Veri Sorumlusu s\u0131fat\u0131yla KVKK kapsam\u0131ndaki ayd\u0131nlatma y\u00fck\u00fcml\u00fcl\u00fc\u011f\u00fcm\u00fcz \u00e7er\u00e7evesinde, hasta ve yak\u0131nlar\u0131m\u0131z\u0131n veri g\u00fcvenli\u011fini g\u00f6z \u00f6n\u00fcnde bulundurarak, \u00f6zel hayat\u0131n gizlili\u011fi, temel hak ve \u00f6zg\u00fcrl\u00fcklerin korunmas\u0131na verdi\u011fimiz \u00f6nem dolay\u0131s\u0131yla a\u015fa\u011f\u0131daki konularda sizleri bilgilendirmek istiyoruz. Hangi Ki\u015fisel Verilerinizi[&hellip;]","og_url":"https:\/\/aplushairtransplant.com\/tr\/kvkk\/","og_site_name":"Aplus Hair Transplant","article_modified_time":"2023-01-19T10:56:46+00:00","twitter_card":"summary_large_image","twitter_misc":{"Tahmini okuma s\u00fcresi":"8 dakika"},"schema":{"@context":"https:\/\/schema.org","@graph":[{"@type":"WebPage","@id":"https:\/\/aplushairtransplant.com\/tr\/kvkk\/","url":"https:\/\/aplushairtransplant.com\/tr\/kvkk\/","name":"KVKK - Aplus Hair Transplant","isPartOf":{"@id":"https:\/\/lightgreen-beaver-954374.hostingersite.com\/tr\/#website"},"datePublished":"2023-01-19T10:54:41+00:00","dateModified":"2023-01-19T10:56:46+00:00","breadcrumb":{"@id":"https:\/\/aplushairtransplant.com\/tr\/kvkk\/#breadcrumb"},"inLanguage":"tr","potentialAction":[{"@type":"ReadAction","target":["https:\/\/aplushairtransplant.com\/tr\/kvkk\/"]}]},{"@type":"BreadcrumbList","@id":"https:\/\/aplushairtransplant.com\/tr\/kvkk\/#breadcrumb","itemListElement":[{"@type":"ListItem","position":1,"name":"Anasayfa","item":"https:\/\/lightgreen-beaver-954374.hostingersite.com\/tr\/"},{"@type":"ListItem","position":2,"name":"KVKK"}]},{"@type":"WebSite","@id":"https:\/\/lightgreen-beaver-954374.hostingersite.com\/tr\/#website","url":"https:\/\/lightgreen-beaver-954374.hostingersite.com\/tr\/","name":"Aplus Hair Transplant","description":"","publisher":{"@id":"https:\/\/lightgreen-beaver-954374.hostingersite.com\/tr\/#organization"},"alternateName":"Aplus Hair Transplant \u0130stanbul","potentialAction":[{"@type":"SearchAction","target":{"@type":"EntryPoint","urlTemplate":"https:\/\/lightgreen-beaver-954374.hostingersite.com\/tr\/?s={search_term_string}"},"query-input":{"@type":"PropertyValueSpecification","valueRequired":true,"valueName":"search_term_string"}}],"inLanguage":"tr"},{"@type":"Organization","@id":"https:\/\/lightgreen-beaver-954374.hostingersite.com\/tr\/#organization","name":"Aplus Hair Transplant","url":"https:\/\/lightgreen-beaver-954374.hostingersite.com\/tr\/","logo":{"@type":"ImageObject","inLanguage":"tr","@id":"https:\/\/lightgreen-beaver-954374.hostingersite.com\/tr\/#\/schema\/logo\/image\/","url":"https:\/\/aplushairtransplant.com\/wp-content\/uploads\/2023\/01\/footer-logo.png","contentUrl":"https:\/\/aplushairtransplant.com\/wp-content\/uploads\/2023\/01\/footer-logo.png","width":938,"height":938,"caption":"Aplus Hair Transplant"},"image":{"@id":"https:\/\/lightgreen-beaver-954374.hostingersite.com\/tr\/#\/schema\/logo\/image\/"}}]}},"_links":{"self":[{"href":"https:\/\/aplushairtransplant.com\/tr\/wp-json\/wp\/v2\/pages\/671","targetHints":{"allow":["GET"]}}],"collection":[{"href":"https:\/\/aplushairtransplant.com\/tr\/wp-json\/wp\/v2\/pages"}],"about":[{"href":"https:\/\/aplushairtransplant.com\/tr\/wp-json\/wp\/v2\/types\/page"}],"author":[{"embeddable":true,"href":"https:\/\/aplushairtransplant.com\/tr\/wp-json\/wp\/v2\/users\/1"}],"replies":[{"embeddable":true,"href":"https:\/\/aplushairtransplant.com\/tr\/wp-json\/wp\/v2\/comments?post=671"}],"version-history":[{"count":0,"href":"https:\/\/aplushairtransplant.com\/tr\/wp-json\/wp\/v2\/pages\/671\/revisions"}],"wp:attachment":[{"href":"https:\/\/aplushairtransplant.com\/tr\/wp-json\/wp\/v2\/media?parent=671"}],"curies":[{"name":"wp","href":"https:\/\/api.w.org\/{rel}","templated":true}]}}